{"id":652,"date":"2026-01-09T01:47:57","date_gmt":"2026-01-08T22:47:57","guid":{"rendered":"https:\/\/podo24.shop\/?post_type=product&#038;p=652"},"modified":"2026-01-14T18:31:51","modified_gmt":"2026-01-14T15:31:51","slug":"gerlavit-moor-vitamin-kreem","status":"publish","type":"product","link":"https:\/\/podo24.shop\/lv\/products\/gerlavit-moor-vitamin-kreem\/","title":{"rendered":"Gerlavit Moor Vitamin kreem"},"content":{"rendered":"<p>Naturaalsete taime\u00f5lidega rikastatud, l\u00f5hnatu kreem \u00f5rnale ja deh\u00fcdreeritud nahale.<\/p>\n<p>Vitamiinikreem sambla ja ravimuda ekstraktiga kuivale ja tundlikule nahale. Kreemi rikkalik toitaineline koostis: nisuidu\u00f5li, avokaado\u00f5li, jojoba\u00f5li, pantenool, E-vitamiin hooldavad aktiivselt nahka, muutes selle elastseks ja elastseks, taludes v\u00e4liskeskkonna agressiivset m\u00f5ju. E-vitamiin v\u00f5itleb aktiivselt naha varajase vananemise vastu, soodustades rakkude taastumist.<\/p>","protected":false},"excerpt":{"rendered":"<p>Naturaalsete taime\u00f5lidega rikastatud, l\u00f5hnatu kreem \u00f5rnale ja deh\u00fcdreeritud nahale.<\/p>","protected":false},"featured_media":671,"template":"","meta":[],"product_brand":[],"product_cat":[22,25,21],"product_tag":[],"class_list":{"0":"post-652","1":"product","2":"type-product","3":"status-publish","4":"has-post-thumbnail","6":"product_cat-gehwol","7":"product_cat-gerlasan-gerlavit","8":"product_cat-21","10":"first","11":"instock","12":"sale","13":"taxable","14":"shipping-taxable","15":"purchasable","16":"product-type-simple"},"_links":{"self":[{"href":"https:\/\/podo24.shop\/lv\/wp-json\/wp\/v2\/product\/652","targetHints":{"allow":["GET"]}}],"collection":[{"href":"https:\/\/podo24.shop\/lv\/wp-json\/wp\/v2\/product"}],"about":[{"href":"https:\/\/podo24.shop\/lv\/wp-json\/wp\/v2\/types\/product"}],"wp:featuredmedia":[{"embeddable":true,"href":"https:\/\/podo24.shop\/lv\/wp-json\/wp\/v2\/media\/671"}],"wp:attachment":[{"href":"https:\/\/podo24.shop\/lv\/wp-json\/wp\/v2\/media?parent=652"}],"wp:term":[{"taxonomy":"product_brand","embeddable":true,"href":"https:\/\/podo24.shop\/lv\/wp-json\/wp\/v2\/product_brand?post=652"},{"taxonomy":"product_cat","embeddable":true,"href":"https:\/\/podo24.shop\/lv\/wp-json\/wp\/v2\/product_cat?post=652"},{"taxonomy":"product_tag","embeddable":true,"href":"https:\/\/podo24.shop\/lv\/wp-json\/wp\/v2\/product_tag?post=652"}],"curies":[{"name":"wp","href":"https:\/\/api.w.org\/{rel}","templated":true}]}}