{"id":651,"date":"2026-01-09T01:47:57","date_gmt":"2026-01-08T22:47:57","guid":{"rendered":"https:\/\/podo24.shop\/?post_type=product&#038;p=651"},"modified":"2026-01-14T18:32:19","modified_gmt":"2026-01-14T15:32:19","slug":"gerlasan-kehadeodorant","status":"publish","type":"product","link":"https:\/\/podo24.shop\/lv\/products\/gerlasan-kehadeodorant\/","title":{"rendered":"GERLASAN kehadeodorant"},"content":{"rendered":"<p>L\u00f5hnastamata pikatoimeline kehadeodorant (24 tundi). Normaliseerib higistamist ja pakub hooldust h\u00e4sti proovitud nahka\u00a0a kaitsvate ainete abil. L\u00f5hn on puhas ja tagasihoidlik. Gerlasan ei j\u00e4ta plekke ning on intensiivne ja pikaajaline t\u00f5hus deodorant, millel on suurep\u00e4rane naha \u00fchilduvus. \u00dcllatavalt t\u00f5hus nahas\u00f5bralik deodorantide kombinatsioon takistab kahe meetodi abil bakterite levikut lagunenud higist; higist lagunevate bakterite levik on takistatud ja higist lagunevaid ens\u00fc\u00fcme inaktiveeritakse usaldusv\u00e4\u00e4rselt.<\/p>","protected":false},"excerpt":{"rendered":"<p><strong>150ml<\/strong><\/p>\n<p>L\u00f5hnastamata pikatoimeline kehadeodorant (24 tundi)<\/p>","protected":false},"featured_media":670,"template":"","meta":[],"product_brand":[],"product_cat":[22,25,21],"product_tag":[],"class_list":{"0":"post-651","1":"product","2":"type-product","3":"status-publish","4":"has-post-thumbnail","6":"product_cat-gehwol","7":"product_cat-gerlasan-gerlavit","8":"product_cat-21","10":"first","11":"instock","12":"taxable","13":"shipping-taxable","14":"purchasable","15":"product-type-simple"},"_links":{"self":[{"href":"https:\/\/podo24.shop\/lv\/wp-json\/wp\/v2\/product\/651","targetHints":{"allow":["GET"]}}],"collection":[{"href":"https:\/\/podo24.shop\/lv\/wp-json\/wp\/v2\/product"}],"about":[{"href":"https:\/\/podo24.shop\/lv\/wp-json\/wp\/v2\/types\/product"}],"wp:featuredmedia":[{"embeddable":true,"href":"https:\/\/podo24.shop\/lv\/wp-json\/wp\/v2\/media\/670"}],"wp:attachment":[{"href":"https:\/\/podo24.shop\/lv\/wp-json\/wp\/v2\/media?parent=651"}],"wp:term":[{"taxonomy":"product_brand","embeddable":true,"href":"https:\/\/podo24.shop\/lv\/wp-json\/wp\/v2\/product_brand?post=651"},{"taxonomy":"product_cat","embeddable":true,"href":"https:\/\/podo24.shop\/lv\/wp-json\/wp\/v2\/product_cat?post=651"},{"taxonomy":"product_tag","embeddable":true,"href":"https:\/\/podo24.shop\/lv\/wp-json\/wp\/v2\/product_tag?post=651"}],"curies":[{"name":"wp","href":"https:\/\/api.w.org\/{rel}","templated":true}]}}