{"id":486,"date":"2026-01-09T01:43:15","date_gmt":"2026-01-08T22:43:15","guid":{"rendered":"https:\/\/podo24.shop\/?post_type=product&#038;p=486"},"modified":"2026-01-09T01:46:29","modified_gmt":"2026-01-08T22:46:29","slug":"gehwol-metatarsaali-padi-polumeer-geel","status":"publish","type":"product","link":"https:\/\/podo24.shop\/lv\/products\/gehwol-metatarsaali-padi-polumeer-geel\/","title":{"rendered":"Gehwol Metatarsaali padi pol\u00fcmeer-geel"},"content":{"rendered":"<p>Surve leevendamine ja keskmise jala kaitse h\u00f5\u00f5rdumise eest.<\/p>\n<p>Eriti mugav pol\u00fcmeergeel, mis on m\u00f5lemalt poolt kaetud elastse koega. Ainult 2 mm paksune, sobib mugavalt igasse jalan\u00f5usse. Kaitseb keskmist jalga h\u00f5\u00f5rdumise ja surve eest.<\/p>","protected":false},"excerpt":{"rendered":"<p><strong>1tk\/pakis<\/strong><\/p>\n<p>Surve leevendamine ja keskmise jala kaitse h\u00f5\u00f5rdumise eest.<\/p>","protected":false},"featured_media":564,"template":"","meta":[],"product_brand":[],"product_cat":[16],"product_tag":[],"class_list":{"0":"post-486","1":"product","2":"type-product","3":"status-publish","4":"has-post-thumbnail","6":"product_cat-misc","8":"first","9":"instock","10":"taxable","11":"shipping-taxable","12":"purchasable","13":"product-type-simple"},"_links":{"self":[{"href":"https:\/\/podo24.shop\/lv\/wp-json\/wp\/v2\/product\/486","targetHints":{"allow":["GET"]}}],"collection":[{"href":"https:\/\/podo24.shop\/lv\/wp-json\/wp\/v2\/product"}],"about":[{"href":"https:\/\/podo24.shop\/lv\/wp-json\/wp\/v2\/types\/product"}],"wp:featuredmedia":[{"embeddable":true,"href":"https:\/\/podo24.shop\/lv\/wp-json\/wp\/v2\/media\/564"}],"wp:attachment":[{"href":"https:\/\/podo24.shop\/lv\/wp-json\/wp\/v2\/media?parent=486"}],"wp:term":[{"taxonomy":"product_brand","embeddable":true,"href":"https:\/\/podo24.shop\/lv\/wp-json\/wp\/v2\/product_brand?post=486"},{"taxonomy":"product_cat","embeddable":true,"href":"https:\/\/podo24.shop\/lv\/wp-json\/wp\/v2\/product_cat?post=486"},{"taxonomy":"product_tag","embeddable":true,"href":"https:\/\/podo24.shop\/lv\/wp-json\/wp\/v2\/product_tag?post=486"}],"curies":[{"name":"wp","href":"https:\/\/api.w.org\/{rel}","templated":true}]}}