{"id":463,"date":"2026-01-09T01:42:20","date_gmt":"2026-01-08T22:42:20","guid":{"rendered":"https:\/\/podo24.shop\/?post_type=product&#038;p=463"},"modified":"2026-01-09T01:45:31","modified_gmt":"2026-01-08T22:45:31","slug":"varvaste-eraldajad-g","status":"publish","type":"product","link":"https:\/\/podo24.shop\/lv\/products\/varvaste-eraldajad-g\/","title":{"rendered":"Varvaste eraldajad G"},"content":{"rendered":"<div class=\"elementor-element elementor-element-8134ee7 elementor-widget elementor-widget-wl-single-product-description\" data-id=\"8134ee7\" data-element_type=\"widget\" data-widget_type=\"wl-single-product-description.default\">\n<div class=\"elementor-widget-container\">\n<div class=\"woocommerce_product_description\">\n<p>Nahas\u00f5bralik, pehme, v\u00e4ga elastne pol\u00fcmeerne geelpadi.<\/p>\n<p>Elastne ja libisemiskindel reljeef, mille varvaste vahel on konnasilmad. Parandab nihkunud, tihedalt lamavaid ja ristuvaid varbaid. Aitab v\u00e4ltida haava h\u00f5\u00f5rdumist ja naha\u00e4rritust. Sobib liigese deformatsiooni korral ja varvaste korrigeerimiseks.<\/p>\n<\/div>\n<\/div>\n<\/div>\n<div id=\"METAINFO\" class=\"elementor-element elementor-element-95abbdf elementor-widget elementor-widget-wl-single-product-meta\" data-id=\"95abbdf\" data-element_type=\"widget\" data-widget_type=\"wl-single-product-meta.default\">\n<div class=\"elementor-widget-container\"><\/div>\n<\/div>","protected":false},"excerpt":{"rendered":"<p><strong>3tk\/pakis<\/strong><\/p>\n<p>Nahas\u00f5bralik, pehme, v\u00e4ga elastne pol\u00fcmeerne geelpadi.<\/p>","protected":false},"featured_media":533,"template":"","meta":[],"product_brand":[],"product_cat":[16],"product_tag":[],"class_list":{"0":"post-463","1":"product","2":"type-product","3":"status-publish","4":"has-post-thumbnail","6":"product_cat-misc","8":"first","9":"outofstock","10":"taxable","11":"shipping-taxable","12":"product-type-variable"},"_links":{"self":[{"href":"https:\/\/podo24.shop\/lv\/wp-json\/wp\/v2\/product\/463","targetHints":{"allow":["GET"]}}],"collection":[{"href":"https:\/\/podo24.shop\/lv\/wp-json\/wp\/v2\/product"}],"about":[{"href":"https:\/\/podo24.shop\/lv\/wp-json\/wp\/v2\/types\/product"}],"wp:featuredmedia":[{"embeddable":true,"href":"https:\/\/podo24.shop\/lv\/wp-json\/wp\/v2\/media\/533"}],"wp:attachment":[{"href":"https:\/\/podo24.shop\/lv\/wp-json\/wp\/v2\/media?parent=463"}],"wp:term":[{"taxonomy":"product_brand","embeddable":true,"href":"https:\/\/podo24.shop\/lv\/wp-json\/wp\/v2\/product_brand?post=463"},{"taxonomy":"product_cat","embeddable":true,"href":"https:\/\/podo24.shop\/lv\/wp-json\/wp\/v2\/product_cat?post=463"},{"taxonomy":"product_tag","embeddable":true,"href":"https:\/\/podo24.shop\/lv\/wp-json\/wp\/v2\/product_tag?post=463"}],"curies":[{"name":"wp","href":"https:\/\/api.w.org\/{rel}","templated":true}]}}