{"id":439,"date":"2026-01-09T01:39:52","date_gmt":"2026-01-08T22:39:52","guid":{"rendered":"https:\/\/podo24.shop\/?post_type=product&#038;p=439"},"modified":"2026-01-09T01:45:08","modified_gmt":"2026-01-08T22:45:08","slug":"gw-metattasal-sidemega-padi","status":"publish","type":"product","link":"https:\/\/podo24.shop\/lv\/products\/gw-metattasal-sidemega-padi\/","title":{"rendered":"GW Metattasal sidemega padi"},"content":{"rendered":"<p>Surve leevendamine ja keskmise jala kaitse h\u00f5\u00f5rdumise eest.<\/p>\n<p>Mugav v\u00e4ga elastne pol\u00fcmeerne geelpadi kaitseb ja pehmendab eesmist jalaosa. See piirkond leevendub koheselt koos survevaluga. T\u00e4nu oma elastsusele kohandub venitusside jala \u00fcmber, libisemata v\u00f5i vereringet m\u00f5jutamata. Saadaval kahes suuruses. Sobib eriti h\u00e4sti sportimiseks.<\/p>","protected":false},"excerpt":{"rendered":"<p><strong>1tk\/pakis<\/strong><\/p>\n<p>Surve leevendamine ja keskmise jala kaitse h\u00f5\u00f5rdumise eest.<\/p>","protected":false},"featured_media":520,"template":"","meta":[],"product_brand":[],"product_cat":[16],"product_tag":[],"class_list":{"0":"post-439","1":"product","2":"type-product","3":"status-publish","4":"has-post-thumbnail","6":"product_cat-misc","8":"first","9":"outofstock","10":"taxable","11":"shipping-taxable","12":"product-type-variable"},"_links":{"self":[{"href":"https:\/\/podo24.shop\/lv\/wp-json\/wp\/v2\/product\/439","targetHints":{"allow":["GET"]}}],"collection":[{"href":"https:\/\/podo24.shop\/lv\/wp-json\/wp\/v2\/product"}],"about":[{"href":"https:\/\/podo24.shop\/lv\/wp-json\/wp\/v2\/types\/product"}],"wp:featuredmedia":[{"embeddable":true,"href":"https:\/\/podo24.shop\/lv\/wp-json\/wp\/v2\/media\/520"}],"wp:attachment":[{"href":"https:\/\/podo24.shop\/lv\/wp-json\/wp\/v2\/media?parent=439"}],"wp:term":[{"taxonomy":"product_brand","embeddable":true,"href":"https:\/\/podo24.shop\/lv\/wp-json\/wp\/v2\/product_brand?post=439"},{"taxonomy":"product_cat","embeddable":true,"href":"https:\/\/podo24.shop\/lv\/wp-json\/wp\/v2\/product_cat?post=439"},{"taxonomy":"product_tag","embeddable":true,"href":"https:\/\/podo24.shop\/lv\/wp-json\/wp\/v2\/product_tag?post=439"}],"curies":[{"name":"wp","href":"https:\/\/api.w.org\/{rel}","templated":true}]}}