{"id":438,"date":"2026-01-09T01:39:51","date_gmt":"2026-01-08T22:39:51","guid":{"rendered":"https:\/\/podo24.shop\/?post_type=product&#038;p=438"},"modified":"2026-01-09T01:44:50","modified_gmt":"2026-01-08T22:44:50","slug":"gw-metattasal-elastse-sidemega-padi","status":"publish","type":"product","link":"https:\/\/podo24.shop\/lv\/products\/gw-metattasal-elastse-sidemega-padi\/","title":{"rendered":"GW Metattasal elastse sidemega padi"},"content":{"rendered":"<p>Surve leevendamine ja keskmise jala kaitse h\u00f5\u00f5rdumise eest.<\/p>\n<p>Pehme ja \u00fclimalt kohanemisv\u00f5imeline elastne side sisaldab elastset \u00fclielastset pol\u00fcmeersest geelpadjakest, mis tagab kohese survevalu leevenduse eesmise jalalaba piirkonnas ja p\u00f5letava valu jalapatjades. Eesmine jalapadi sobib t\u00e4nu oma erilisele kujule igasse jalan\u00f5usse ja on m\u00f5nus kanda. Elastne side tagab, et geelpadi p\u00fcsib alati \u00f5iges asendis, leevendades otseselt jalga. Saadaval kahes suuruses. Vasakul v\u00f5i paremal jalal kandmiseks keerake lihtsalt elastset sidet.<\/p>","protected":false},"excerpt":{"rendered":"<p><strong>1tk\/pakis<\/strong><\/p>\n<p>Surve leevendamine ja keskmise jala kaitse h\u00f5\u00f5rdumise eest.<\/p>","protected":false},"featured_media":518,"template":"","meta":[],"product_brand":[],"product_cat":[16],"product_tag":[],"class_list":{"0":"post-438","1":"product","2":"type-product","3":"status-publish","4":"has-post-thumbnail","6":"product_cat-misc","8":"first","9":"outofstock","10":"taxable","11":"shipping-taxable","12":"product-type-variable"},"_links":{"self":[{"href":"https:\/\/podo24.shop\/lv\/wp-json\/wp\/v2\/product\/438","targetHints":{"allow":["GET"]}}],"collection":[{"href":"https:\/\/podo24.shop\/lv\/wp-json\/wp\/v2\/product"}],"about":[{"href":"https:\/\/podo24.shop\/lv\/wp-json\/wp\/v2\/types\/product"}],"wp:featuredmedia":[{"embeddable":true,"href":"https:\/\/podo24.shop\/lv\/wp-json\/wp\/v2\/media\/518"}],"wp:attachment":[{"href":"https:\/\/podo24.shop\/lv\/wp-json\/wp\/v2\/media?parent=438"}],"wp:term":[{"taxonomy":"product_brand","embeddable":true,"href":"https:\/\/podo24.shop\/lv\/wp-json\/wp\/v2\/product_brand?post=438"},{"taxonomy":"product_cat","embeddable":true,"href":"https:\/\/podo24.shop\/lv\/wp-json\/wp\/v2\/product_cat?post=438"},{"taxonomy":"product_tag","embeddable":true,"href":"https:\/\/podo24.shop\/lv\/wp-json\/wp\/v2\/product_tag?post=438"}],"curies":[{"name":"wp","href":"https:\/\/api.w.org\/{rel}","templated":true}]}}