{"id":406,"date":"2026-01-13T01:36:52","date_gmt":"2026-01-12T22:36:52","guid":{"rendered":"https:\/\/podo24.shop\/?post_type=product&#038;p=406"},"modified":"2026-01-14T19:08:10","modified_gmt":"2026-01-14T16:08:10","slug":"gw-fusskraft-toitev-vann","status":"publish","type":"product","link":"https:\/\/podo24.shop\/lv\/products\/gw-fusskraft-toitev-vann\/","title":{"rendered":"GW FUSSKRAFT toitev vann"},"content":{"rendered":"<p>Mandel ja vanilje h\u00e4sti hooldatud jalgadele ja s\u00e4\u00e4rtele.<\/p>\n<p>GEHWOL FUSSKRAFT Soft Feet Nourishing Bath vann hellitab jalgu ja s\u00e4\u00e4ri unustamatu vannikogemusega. Sukelduge ja l\u00f5dvestage \u00f5rnalt! Teie nahk tundub imeliselt pehme juba p\u00e4rast \u00fchte vannitamist. Vann sobib k\u00f5ikidele nahat\u00fc\u00fcpidele, eriti kuivale ja tundlikule nahale. Kuna essents sisaldab ainulaadseid koostisosi, muutes vanni rikkalikuks puhastavaks ja toitvaks piimaks. Mandli\u00f5li rahustab ja kaitseb nahka, muutes selle kaunilt pehmeks. Lisasime ka v\u00f5rgutava vanilli, mis \u2013 koos E-vitamiiniga ning avokaado- ja riitsinus\u00f5liga \u2013 annab rohkelt niisutust, pehmendab kallust ning toob esile sileda ja eluj\u00f5ulise nahailme. GEHWOL FUSSKRAFT Soft Feet Nourishing Bath sisaldab pindaktiivset ainet, mis on v\u00e4lja t\u00f6\u00f6tatud spetsiaalselt tundlikule nahale. See tagab, et kolm sisalduvat hooldus\u00f5li on vees \u00fchtlaselt jaotunud. Nii saadakse piimjas, s\u00e4delev, meeldivalt l\u00f5hnav emulsioon, mis annab intensiivselt niiskust ja kaitseb nahafloorat. Hoida toatemperatuuril. Sobib ka du\u0161i- v\u00f5i t\u00e4isvanniks.<\/p>","protected":false},"excerpt":{"rendered":"<p><strong>200ml, 1000ml<\/strong><\/p>\n<p>Mandel ja vanilje h\u00e4sti hooldatud jalgadele ja s\u00e4\u00e4rtele.<\/p>","protected":false},"featured_media":500,"template":"","meta":[],"product_brand":[],"product_cat":[16],"product_tag":[],"class_list":{"0":"post-406","1":"product","2":"type-product","3":"status-publish","4":"has-post-thumbnail","6":"product_cat-misc","7":"pa_maht-1000ml","8":"pa_maht-200ml","10":"first","11":"instock","12":"sale","13":"taxable","14":"shipping-taxable","15":"purchasable","16":"product-type-variable"},"_links":{"self":[{"href":"https:\/\/podo24.shop\/lv\/wp-json\/wp\/v2\/product\/406","targetHints":{"allow":["GET"]}}],"collection":[{"href":"https:\/\/podo24.shop\/lv\/wp-json\/wp\/v2\/product"}],"about":[{"href":"https:\/\/podo24.shop\/lv\/wp-json\/wp\/v2\/types\/product"}],"wp:featuredmedia":[{"embeddable":true,"href":"https:\/\/podo24.shop\/lv\/wp-json\/wp\/v2\/media\/500"}],"wp:attachment":[{"href":"https:\/\/podo24.shop\/lv\/wp-json\/wp\/v2\/media?parent=406"}],"wp:term":[{"taxonomy":"product_brand","embeddable":true,"href":"https:\/\/podo24.shop\/lv\/wp-json\/wp\/v2\/product_brand?post=406"},{"taxonomy":"product_cat","embeddable":true,"href":"https:\/\/podo24.shop\/lv\/wp-json\/wp\/v2\/product_cat?post=406"},{"taxonomy":"product_tag","embeddable":true,"href":"https:\/\/podo24.shop\/lv\/wp-json\/wp\/v2\/product_tag?post=406"}],"curies":[{"name":"wp","href":"https:\/\/api.w.org\/{rel}","templated":true}]}}