{"id":350,"date":"2026-01-09T01:33:00","date_gmt":"2026-01-08T22:33:00","guid":{"rendered":"https:\/\/podo24.shop\/?post_type=product&#038;p=350"},"modified":"2026-01-09T01:38:47","modified_gmt":"2026-01-08T22:38:47","slug":"gehwol-med-express-vaht","status":"publish","type":"product","link":"https:\/\/podo24.shop\/lv\/products\/gehwol-med-express-vaht\/","title":{"rendered":"GEHWOL med Express vaht"},"content":{"rendered":"<p>Niisutav vaht igap\u00e4evaseks kasutamiseks normaalsele ja kuivale nahale. Pakub hooldust ja muudab jalad m\u00e4rgatavamaks elastsemaks ning j\u00e4tab meeldiva nahatunde.<\/p>\n<p>Igap\u00e4evaseks kasutamiseks normaalsele ja kuivale nahale. Neljakordne HYDRO-kompleks \u00fchendab naha h\u00fcdratatsiooni parandamiseks neli v\u00f5imsat koostisosa ja tagab kolmep\u00e4evase s\u00e4ilitamise efekti. Hyrdractin LMF noorendab nahka 4 n\u00e4dala jooksul.\u00d5htune priimula \u00f5li: toetab naha loomulikku niiskustasakaalu ja tugevdab naha barj\u00e4\u00e4ri ja naha loomulikku kaitsefunktsiooni.Mooritaimeekstrakt: t\u00e4iendab niiskuse hoiuseid ja silub nahka, muutes selle m\u00e4rgatavalt elastseks.Karbamiid: varustab nahka niiskusega ja v\u00e4hendab survet, mis v\u00f5ivad p\u00f5hjustada kalluse moodustumist.Avokaado\u00f5li: kaitseb nahka niiskuse kadumise eest.<\/p>","protected":false},"excerpt":{"rendered":"<p><strong>125ml<\/strong><\/p>\n<p>Niisutav vaht igap\u00e4evaseks kasutamiseks normaalsele ja kuivale nahale. Pakub hooldust ja muudab jalad m\u00e4rgatavamaks elastsemaks ning j\u00e4tab meeldiva nahatunde.<\/p>","protected":false},"featured_media":424,"template":"","meta":[],"product_brand":[],"product_cat":[16],"product_tag":[],"class_list":{"0":"post-350","1":"product","2":"type-product","3":"status-publish","4":"has-post-thumbnail","6":"product_cat-misc","8":"first","9":"instock","10":"taxable","11":"shipping-taxable","12":"purchasable","13":"product-type-simple"},"_links":{"self":[{"href":"https:\/\/podo24.shop\/lv\/wp-json\/wp\/v2\/product\/350","targetHints":{"allow":["GET"]}}],"collection":[{"href":"https:\/\/podo24.shop\/lv\/wp-json\/wp\/v2\/product"}],"about":[{"href":"https:\/\/podo24.shop\/lv\/wp-json\/wp\/v2\/types\/product"}],"wp:featuredmedia":[{"embeddable":true,"href":"https:\/\/podo24.shop\/lv\/wp-json\/wp\/v2\/media\/424"}],"wp:attachment":[{"href":"https:\/\/podo24.shop\/lv\/wp-json\/wp\/v2\/media?parent=350"}],"wp:term":[{"taxonomy":"product_brand","embeddable":true,"href":"https:\/\/podo24.shop\/lv\/wp-json\/wp\/v2\/product_brand?post=350"},{"taxonomy":"product_cat","embeddable":true,"href":"https:\/\/podo24.shop\/lv\/wp-json\/wp\/v2\/product_cat?post=350"},{"taxonomy":"product_tag","embeddable":true,"href":"https:\/\/podo24.shop\/lv\/wp-json\/wp\/v2\/product_tag?post=350"}],"curies":[{"name":"wp","href":"https:\/\/api.w.org\/{rel}","templated":true}]}}