{"id":343,"date":"2026-01-09T01:32:28","date_gmt":"2026-01-08T22:32:28","guid":{"rendered":"https:\/\/podo24.shop\/?post_type=product&#038;p=343"},"modified":"2026-01-09T01:38:18","modified_gmt":"2026-01-08T22:38:18","slug":"gehwol-med-callus-jalakreem-paksenenud-nahale","status":"publish","type":"product","link":"https:\/\/podo24.shop\/lv\/products\/gehwol-med-callus-jalakreem-paksenenud-nahale\/","title":{"rendered":"Gehwol med Callus &#8212; jalakreem paksenenud nahale"},"content":{"rendered":"<p>Kuivale, karedale ja l\u00f5henenud jalgadele m\u00f5eldud jalakreem.<\/p>\n<p>Meditsiiniline Gehwol Callus Cream eemaldab k\u00f5va sarvnaha kannalt ja p\u00e4ka alt juba 28 p\u00e4evaga. Kreemi koostisse kuuluvad lipiidid kaitsevad ja tugevdavad, siidi ekstrakt niisutab ja silendab nahka. Kreemi intensiivne toime pehmendab kiiresti ja v\u00e4hendab h\u00fcperkeratoosi m\u00f5ne p\u00e4evaga.<\/p>","protected":false},"excerpt":{"rendered":"<p><strong>75ml, 125ml<\/strong><\/p>\n<p>Kuivale, karedale ja l\u00f5henenud jalgadele m\u00f5eldud jalakreem<\/p>","protected":false},"featured_media":418,"template":"","meta":[],"product_brand":[],"product_cat":[16],"product_tag":[],"class_list":{"0":"post-343","1":"product","2":"type-product","3":"status-publish","4":"has-post-thumbnail","6":"product_cat-misc","8":"first","9":"outofstock","10":"taxable","11":"shipping-taxable","12":"product-type-variable"},"_links":{"self":[{"href":"https:\/\/podo24.shop\/lv\/wp-json\/wp\/v2\/product\/343","targetHints":{"allow":["GET"]}}],"collection":[{"href":"https:\/\/podo24.shop\/lv\/wp-json\/wp\/v2\/product"}],"about":[{"href":"https:\/\/podo24.shop\/lv\/wp-json\/wp\/v2\/types\/product"}],"wp:featuredmedia":[{"embeddable":true,"href":"https:\/\/podo24.shop\/lv\/wp-json\/wp\/v2\/media\/418"}],"wp:attachment":[{"href":"https:\/\/podo24.shop\/lv\/wp-json\/wp\/v2\/media?parent=343"}],"wp:term":[{"taxonomy":"product_brand","embeddable":true,"href":"https:\/\/podo24.shop\/lv\/wp-json\/wp\/v2\/product_brand?post=343"},{"taxonomy":"product_cat","embeddable":true,"href":"https:\/\/podo24.shop\/lv\/wp-json\/wp\/v2\/product_cat?post=343"},{"taxonomy":"product_tag","embeddable":true,"href":"https:\/\/podo24.shop\/lv\/wp-json\/wp\/v2\/product_tag?post=343"}],"curies":[{"name":"wp","href":"https:\/\/api.w.org\/{rel}","templated":true}]}}