{"id":342,"date":"2026-01-09T01:32:28","date_gmt":"2026-01-08T22:32:28","guid":{"rendered":"https:\/\/podo24.shop\/?post_type=product&#038;p=342"},"modified":"2026-01-09T01:37:59","modified_gmt":"2026-01-08T22:37:59","slug":"gehwol-med-antiperspirant-jalakreem","status":"publish","type":"product","link":"https:\/\/podo24.shop\/lv\/products\/gehwol-med-antiperspirant-jalakreem\/","title":{"rendered":"Gehwol med antiperspirant jalakreem"},"content":{"rendered":"<p>Kergestiimenduv kreem-toonik v\u00e4hendab efektiivselt jalgade higistamist, kaitseb halva l\u00f5hna ja s\u00fcgelemise eest.<\/p>\n<p>GEHWOL med Antiperspirant Cream Lotion igap\u00e4evasel kasutamisel ennetatakse l\u00f5hnateket ja jalad muutuvad kuivemaks. Kreem v\u00e4hendab higistamist ning kaitseb nahka seennakkuste ja varvaste vahel tekkiva s\u00fcgeluse eest, samal ajal v\u00e4ltides liigset nahakuivust. Aloe vera, avokaado\u00f5li ja gl\u00fctseriin toidavad nahka, alumiiniumkloroh\u00fcdraat v\u00e4hendab higistamist. Tsinkritsinoleaat neutraliseerib l\u00f5hnad ja naatrium PCA kaitseb nahka kuivamise eest.<\/p>","protected":false},"excerpt":{"rendered":"<p><strong>125ml<\/strong><\/p>\n<p>Kergestiimenduv kreem-toonik v\u00e4hendab efektiivselt jalgade higistamist, kaitseb halva l\u00f5hna ja s\u00fcgelemise eest.<\/p>","protected":false},"featured_media":417,"template":"","meta":[],"product_brand":[],"product_cat":[16],"product_tag":[],"class_list":{"0":"post-342","1":"product","2":"type-product","3":"status-publish","4":"has-post-thumbnail","6":"product_cat-misc","8":"first","9":"instock","10":"taxable","11":"shipping-taxable","12":"purchasable","13":"product-type-simple"},"_links":{"self":[{"href":"https:\/\/podo24.shop\/lv\/wp-json\/wp\/v2\/product\/342","targetHints":{"allow":["GET"]}}],"collection":[{"href":"https:\/\/podo24.shop\/lv\/wp-json\/wp\/v2\/product"}],"about":[{"href":"https:\/\/podo24.shop\/lv\/wp-json\/wp\/v2\/types\/product"}],"wp:featuredmedia":[{"embeddable":true,"href":"https:\/\/podo24.shop\/lv\/wp-json\/wp\/v2\/media\/417"}],"wp:attachment":[{"href":"https:\/\/podo24.shop\/lv\/wp-json\/wp\/v2\/media?parent=342"}],"wp:term":[{"taxonomy":"product_brand","embeddable":true,"href":"https:\/\/podo24.shop\/lv\/wp-json\/wp\/v2\/product_brand?post=342"},{"taxonomy":"product_cat","embeddable":true,"href":"https:\/\/podo24.shop\/lv\/wp-json\/wp\/v2\/product_cat?post=342"},{"taxonomy":"product_tag","embeddable":true,"href":"https:\/\/podo24.shop\/lv\/wp-json\/wp\/v2\/product_tag?post=342"}],"curies":[{"name":"wp","href":"https:\/\/api.w.org\/{rel}","templated":true}]}}