{"id":340,"date":"2026-01-09T01:32:28","date_gmt":"2026-01-08T22:32:28","guid":{"rendered":"https:\/\/podo24.shop\/?post_type=product&#038;p=340"},"modified":"2026-01-09T01:37:28","modified_gmt":"2026-01-08T22:37:28","slug":"gehwol-med-kaitsev-kuunte-ja-naha-kreem","status":"publish","type":"product","link":"https:\/\/podo24.shop\/lv\/products\/gehwol-med-kaitsev-kuunte-ja-naha-kreem\/","title":{"rendered":"Gehwol med kaitsev k\u00fc\u00fcnte ja naha kreem"},"content":{"rendered":"<p>Kaitseb t\u00f5husalt seener\u00fcnnakute eest, hooldab k\u00fc\u00fcsi ja nahka j\u00e4ttes need elastseks ja kauniks.<\/p>\n<p>GEHWOL med Protective Nail and Skin Cream sisaldab v\u00e4\u00e4rtuslikke aineid, nagu nisuidu\u00f5li, pantenool ja bisaboleen, k\u00fc\u00fcnte ja naha hooldamiseks. T\u00f5estatud toimeaine klotrimasool aitab ennetada seeninfektsioone. Haprad ja rabedad k\u00fc\u00fcned saavad tagasi oma elastsuse ja ilu. K\u00fc\u00fcned saavad loomuliku siidise l\u00e4ike.<\/p>","protected":false},"excerpt":{"rendered":"<p><strong>15ml<\/strong><\/p>\n<p>Kaitseb t\u00f5husalt seener\u00fcnnakute eest, hooldab k\u00fc\u00fcsi ja nahka j\u00e4ttes need elastseks ja kauniks.<\/p>","protected":false},"featured_media":412,"template":"","meta":[],"product_brand":[],"product_cat":[16],"product_tag":[],"class_list":{"0":"post-340","1":"product","2":"type-product","3":"status-publish","4":"has-post-thumbnail","6":"product_cat-misc","8":"first","9":"instock","10":"taxable","11":"shipping-taxable","12":"purchasable","13":"product-type-simple"},"_links":{"self":[{"href":"https:\/\/podo24.shop\/lv\/wp-json\/wp\/v2\/product\/340","targetHints":{"allow":["GET"]}}],"collection":[{"href":"https:\/\/podo24.shop\/lv\/wp-json\/wp\/v2\/product"}],"about":[{"href":"https:\/\/podo24.shop\/lv\/wp-json\/wp\/v2\/types\/product"}],"wp:featuredmedia":[{"embeddable":true,"href":"https:\/\/podo24.shop\/lv\/wp-json\/wp\/v2\/media\/412"}],"wp:attachment":[{"href":"https:\/\/podo24.shop\/lv\/wp-json\/wp\/v2\/media?parent=340"}],"wp:term":[{"taxonomy":"product_brand","embeddable":true,"href":"https:\/\/podo24.shop\/lv\/wp-json\/wp\/v2\/product_brand?post=340"},{"taxonomy":"product_cat","embeddable":true,"href":"https:\/\/podo24.shop\/lv\/wp-json\/wp\/v2\/product_cat?post=340"},{"taxonomy":"product_tag","embeddable":true,"href":"https:\/\/podo24.shop\/lv\/wp-json\/wp\/v2\/product_tag?post=340"}],"curies":[{"name":"wp","href":"https:\/\/api.w.org\/{rel}","templated":true}]}}