{"id":339,"date":"2026-01-09T01:32:28","date_gmt":"2026-01-08T22:32:28","guid":{"rendered":"https:\/\/podo24.shop\/?post_type=product&#038;p=339"},"modified":"2026-01-09T01:37:13","modified_gmt":"2026-01-08T22:37:13","slug":"gehwol-kuunepehmendaja","status":"publish","type":"product","link":"https:\/\/podo24.shop\/lv\/products\/gehwol-kuunepehmendaja\/","title":{"rendered":"Gehwol k\u00fc\u00fcnepehmendaja"},"content":{"rendered":"<p>Hoiab \u00e4ra sissekasvanud k\u00fc\u00fcnte ja tugeva kornistumise. Annab k\u00fc\u00fcntele ja k\u00fc\u00fcnenahale elastsuse.<\/p>\n<p>GEHWOL k\u00fc\u00fcnepehmendaja pehmendab kiiresti ja hoolikalt koorunud. Sissekasvanud varbak\u00fc\u00fcnte tekitatud probleemid on viidud miinimumini. K\u00fc\u00fcnte valulik surve k\u00fc\u00fcnealusele kaob.<\/p>","protected":false},"excerpt":{"rendered":"<p><strong>15ml<\/strong><\/p>\n<p>Hoiab \u00e4ra sissekasvanud k\u00fc\u00fcnte ja tugeva kornistumise. Annab k\u00fc\u00fcntele ja k\u00fc\u00fcnenahale elastsuse.<\/p>","protected":false},"featured_media":409,"template":"","meta":[],"product_brand":[],"product_cat":[16],"product_tag":[],"class_list":{"0":"post-339","1":"product","2":"type-product","3":"status-publish","4":"has-post-thumbnail","6":"product_cat-misc","8":"first","9":"instock","10":"taxable","11":"shipping-taxable","12":"purchasable","13":"product-type-simple"},"_links":{"self":[{"href":"https:\/\/podo24.shop\/lv\/wp-json\/wp\/v2\/product\/339","targetHints":{"allow":["GET"]}}],"collection":[{"href":"https:\/\/podo24.shop\/lv\/wp-json\/wp\/v2\/product"}],"about":[{"href":"https:\/\/podo24.shop\/lv\/wp-json\/wp\/v2\/types\/product"}],"wp:featuredmedia":[{"embeddable":true,"href":"https:\/\/podo24.shop\/lv\/wp-json\/wp\/v2\/media\/409"}],"wp:attachment":[{"href":"https:\/\/podo24.shop\/lv\/wp-json\/wp\/v2\/media?parent=339"}],"wp:term":[{"taxonomy":"product_brand","embeddable":true,"href":"https:\/\/podo24.shop\/lv\/wp-json\/wp\/v2\/product_brand?post=339"},{"taxonomy":"product_cat","embeddable":true,"href":"https:\/\/podo24.shop\/lv\/wp-json\/wp\/v2\/product_cat?post=339"},{"taxonomy":"product_tag","embeddable":true,"href":"https:\/\/podo24.shop\/lv\/wp-json\/wp\/v2\/product_tag?post=339"}],"curies":[{"name":"wp","href":"https:\/\/api.w.org\/{rel}","templated":true}]}}