{"id":338,"date":"2026-01-09T01:32:28","date_gmt":"2026-01-08T22:32:28","guid":{"rendered":"https:\/\/podo24.shop\/?post_type=product&#038;p=338"},"modified":"2026-01-09T01:37:05","modified_gmt":"2026-01-08T22:37:05","slug":"gehwol-emulsioon","status":"publish","type":"product","link":"https:\/\/podo24.shop\/lv\/products\/gehwol-emulsioon\/","title":{"rendered":"Gehwol emulsioon"},"content":{"rendered":"<p>GEHWOLi jalamassaa\u017ei emulsioon loob nahale sileda kile, mis muudab masseerimise nauditavaks. Looduslikud eeterlikud \u00f5lid turgutavad ja soodustavad vereringet. GEHWOL jalamassaa\u017ei emulsioon tagab pikaajalise desodoreerimise ja kaitseb seennakkuste eest.<\/p>","protected":false},"excerpt":{"rendered":"<p><strong>500ml, 2000ml<\/strong><\/p>\n<p>Sisaldab rosmariini, lavendli, piparm\u00fcndi ja GEHWOLi koostisosade eeterlikke \u00f5lisid.<\/p>","protected":false},"featured_media":407,"template":"","meta":[],"product_brand":[],"product_cat":[16],"product_tag":[],"class_list":{"0":"post-338","1":"product","2":"type-product","3":"status-publish","4":"has-post-thumbnail","6":"product_cat-misc","8":"first","9":"outofstock","10":"taxable","11":"shipping-taxable","12":"product-type-variable"},"_links":{"self":[{"href":"https:\/\/podo24.shop\/lv\/wp-json\/wp\/v2\/product\/338","targetHints":{"allow":["GET"]}}],"collection":[{"href":"https:\/\/podo24.shop\/lv\/wp-json\/wp\/v2\/product"}],"about":[{"href":"https:\/\/podo24.shop\/lv\/wp-json\/wp\/v2\/types\/product"}],"wp:featuredmedia":[{"embeddable":true,"href":"https:\/\/podo24.shop\/lv\/wp-json\/wp\/v2\/media\/407"}],"wp:attachment":[{"href":"https:\/\/podo24.shop\/lv\/wp-json\/wp\/v2\/media?parent=338"}],"wp:term":[{"taxonomy":"product_brand","embeddable":true,"href":"https:\/\/podo24.shop\/lv\/wp-json\/wp\/v2\/product_brand?post=338"},{"taxonomy":"product_cat","embeddable":true,"href":"https:\/\/podo24.shop\/lv\/wp-json\/wp\/v2\/product_cat?post=338"},{"taxonomy":"product_tag","embeddable":true,"href":"https:\/\/podo24.shop\/lv\/wp-json\/wp\/v2\/product_tag?post=338"}],"curies":[{"name":"wp","href":"https:\/\/api.w.org\/{rel}","templated":true}]}}