{"id":337,"date":"2026-01-09T01:32:28","date_gmt":"2026-01-08T22:32:28","guid":{"rendered":"https:\/\/podo24.shop\/?post_type=product&#038;p=337"},"modified":"2026-01-09T01:36:49","modified_gmt":"2026-01-08T22:36:49","slug":"gerlasan-katekreem","status":"publish","type":"product","link":"https:\/\/podo24.shop\/lv\/products\/gerlasan-katekreem\/","title":{"rendered":"GERLASAN k\u00e4tekreem"},"content":{"rendered":"<p>Niisutab, kaitseb nahka ja imendub kergesti. Igap\u00e4evaseks k\u00e4tehoolduseks.<\/p>\n<p>GERLASAN k\u00e4tekreem koosneb k\u00f5rgekvaliteediliste koostisosade kombinatsioonist, mille hulka kuuluvad aloe vera, jojoba, tapiokk ja uurea, et pakkuda intensiivset hooldust \u00fclekoormatud k\u00e4tele ja niisutada neid. Selle optimaalset kaitset t\u00e4iendab nahka rahustav bisabolool, regeneratsiooni toetav pantenool ja seenhaigusi ennetavad antimikroobsed koostisained.<\/p>","protected":false},"excerpt":{"rendered":"<p><strong>40ml, 75ml, 500ml<\/strong><\/p>\n<p>Niisutab, kaitseb nahka ja imendub kergesti. Igap\u00e4evaseks k\u00e4tehoolduseks.<\/p>","protected":false},"featured_media":401,"template":"","meta":[],"product_brand":[],"product_cat":[16],"product_tag":[],"class_list":{"0":"post-337","1":"product","2":"type-product","3":"status-publish","4":"has-post-thumbnail","6":"product_cat-misc","8":"first","9":"outofstock","10":"taxable","11":"shipping-taxable","12":"product-type-variable"},"_links":{"self":[{"href":"https:\/\/podo24.shop\/lv\/wp-json\/wp\/v2\/product\/337","targetHints":{"allow":["GET"]}}],"collection":[{"href":"https:\/\/podo24.shop\/lv\/wp-json\/wp\/v2\/product"}],"about":[{"href":"https:\/\/podo24.shop\/lv\/wp-json\/wp\/v2\/types\/product"}],"wp:featuredmedia":[{"embeddable":true,"href":"https:\/\/podo24.shop\/lv\/wp-json\/wp\/v2\/media\/401"}],"wp:attachment":[{"href":"https:\/\/podo24.shop\/lv\/wp-json\/wp\/v2\/media?parent=337"}],"wp:term":[{"taxonomy":"product_brand","embeddable":true,"href":"https:\/\/podo24.shop\/lv\/wp-json\/wp\/v2\/product_brand?post=337"},{"taxonomy":"product_cat","embeddable":true,"href":"https:\/\/podo24.shop\/lv\/wp-json\/wp\/v2\/product_cat?post=337"},{"taxonomy":"product_tag","embeddable":true,"href":"https:\/\/podo24.shop\/lv\/wp-json\/wp\/v2\/product_tag?post=337"}],"curies":[{"name":"wp","href":"https:\/\/api.w.org\/{rel}","templated":true}]}}