{"id":332,"date":"2026-01-09T01:32:27","date_gmt":"2026-01-08T22:32:27","guid":{"rendered":"https:\/\/podo24.shop\/?post_type=product&#038;p=332"},"modified":"2026-01-09T01:35:58","modified_gmt":"2026-01-08T22:35:58","slug":"gehwol-varskendav-palsam","status":"publish","type":"product","link":"https:\/\/podo24.shop\/lv\/products\/gehwol-varskendav-palsam\/","title":{"rendered":"Gehwol v\u00e4rskendav palsam"},"content":{"rendered":"<p>Jahutuskreem v\u00e4rsketele jalgadele. Hooldab ja desodoreerib jalgu.<\/p>\n<p>Looduslik piparm\u00fcndi\u00f5li ja mentool v\u00e4rskendavad v\u00e4sinud, valusaid ja pinges jalgu ja jalgu. GEHWOLi v\u00e4rskendav palsam taaselustab, jahutab ja desodoreerib teie jalgu koheselt ning annab teile kauakestva v\u00e4rskustunde.<\/p>\n<p>Kaitseained reguleerivad naha niiskustaset ja taastavad k\u00f5vastunud nahapiirkondade elastsuse. GEHWOLi v\u00e4rskendav palsam kaitseb teid varvastevahelise s\u00fcgeluse eest, imendub kiiresti ja ei j\u00e4ta rasvaseks.<\/p>\n<p><strong>V\u00e4rske hooldus jalgadele ja s\u00e4\u00e4rtele.<\/strong><\/p>","protected":false},"excerpt":{"rendered":"<p><strong>75ml<\/strong><\/p>\n<p>Jahutuskreem v\u00e4rsketele jalgadele. Hooldab ja desodoreerib jalgu.<\/p>","protected":false},"featured_media":393,"template":"","meta":[],"product_brand":[],"product_cat":[16],"product_tag":[],"class_list":{"0":"post-332","1":"product","2":"type-product","3":"status-publish","4":"has-post-thumbnail","6":"product_cat-misc","8":"first","9":"instock","10":"taxable","11":"shipping-taxable","12":"purchasable","13":"product-type-simple"},"_links":{"self":[{"href":"https:\/\/podo24.shop\/lv\/wp-json\/wp\/v2\/product\/332","targetHints":{"allow":["GET"]}}],"collection":[{"href":"https:\/\/podo24.shop\/lv\/wp-json\/wp\/v2\/product"}],"about":[{"href":"https:\/\/podo24.shop\/lv\/wp-json\/wp\/v2\/types\/product"}],"wp:featuredmedia":[{"embeddable":true,"href":"https:\/\/podo24.shop\/lv\/wp-json\/wp\/v2\/media\/393"}],"wp:attachment":[{"href":"https:\/\/podo24.shop\/lv\/wp-json\/wp\/v2\/media?parent=332"}],"wp:term":[{"taxonomy":"product_brand","embeddable":true,"href":"https:\/\/podo24.shop\/lv\/wp-json\/wp\/v2\/product_brand?post=332"},{"taxonomy":"product_cat","embeddable":true,"href":"https:\/\/podo24.shop\/lv\/wp-json\/wp\/v2\/product_cat?post=332"},{"taxonomy":"product_tag","embeddable":true,"href":"https:\/\/podo24.shop\/lv\/wp-json\/wp\/v2\/product_tag?post=332"}],"curies":[{"name":"wp","href":"https:\/\/api.w.org\/{rel}","templated":true}]}}