{"id":330,"date":"2026-01-09T01:32:27","date_gmt":"2026-01-08T22:32:27","guid":{"rendered":"https:\/\/podo24.shop\/?post_type=product&#038;p=330"},"modified":"2026-01-09T01:34:57","modified_gmt":"2026-01-08T22:34:57","slug":"gehwol-kuunte-parandamine-m","status":"publish","type":"product","link":"https:\/\/podo24.shop\/lv\/products\/gehwol-kuunte-parandamine-m\/","title":{"rendered":"Gehwol k\u00fc\u00fcnte parandamine M"},"content":{"rendered":"<p>Manik\u00fc\u00fcri ja pedik\u00fc\u00fcri k\u00fc\u00fcnte parandamine.<\/p>\n<p>GEHWOLi k\u00f5rge ja keskmise viskoossusega k\u00fc\u00fcnteparandusgeel on UV-valgusega k\u00f5vastunud pol\u00fcmerisatsioonivaik, mis v\u00f5imaldab lihtsal viisil kanda \u00fclielastse k\u00fc\u00fcnekatte, mis sobib ideaalselt naturaalse k\u00fc\u00fcnega. Kahjustatud, rabedate v\u00f5i rebenenud varbak\u00fc\u00fcnte raviks, haigete k\u00fc\u00fcnte rekonstrueerimiseks ja klambrite kinnitamiseks. GEHWOL Nail Repair Gel on kasutuses s\u00e4\u00e4stlik. Seda saab kanda \u00f5hukese toruotsaga k\u00fc\u00fcnele ilma pinget kasutamata ning see on isekleepuv ega vaja kinnitusvahendeid. GEHWOL Nail Repair Gel k\u00f5veneb ainult UVA valguses. T\u00e4nu seentevastastele koostisainetele kaitseb GEHWOL k\u00fc\u00fcnte parandav geel edasise seeninfektsiooni eest.<\/p>","protected":false},"excerpt":{"rendered":"<p><strong>Selge, Opal, Roosa<\/strong><\/p>\n<p>Manik\u00fc\u00fcri ja pedik\u00fc\u00fcri k\u00fc\u00fcnte parandamine.<\/p>","protected":false},"featured_media":382,"template":"","meta":[],"product_brand":[],"product_cat":[16],"product_tag":[],"class_list":{"0":"post-330","1":"product","2":"type-product","3":"status-publish","4":"has-post-thumbnail","6":"product_cat-misc","8":"first","9":"outofstock","10":"taxable","11":"shipping-taxable","12":"product-type-variable"},"_links":{"self":[{"href":"https:\/\/podo24.shop\/lv\/wp-json\/wp\/v2\/product\/330","targetHints":{"allow":["GET"]}}],"collection":[{"href":"https:\/\/podo24.shop\/lv\/wp-json\/wp\/v2\/product"}],"about":[{"href":"https:\/\/podo24.shop\/lv\/wp-json\/wp\/v2\/types\/product"}],"wp:featuredmedia":[{"embeddable":true,"href":"https:\/\/podo24.shop\/lv\/wp-json\/wp\/v2\/media\/382"}],"wp:attachment":[{"href":"https:\/\/podo24.shop\/lv\/wp-json\/wp\/v2\/media?parent=330"}],"wp:term":[{"taxonomy":"product_brand","embeddable":true,"href":"https:\/\/podo24.shop\/lv\/wp-json\/wp\/v2\/product_brand?post=330"},{"taxonomy":"product_cat","embeddable":true,"href":"https:\/\/podo24.shop\/lv\/wp-json\/wp\/v2\/product_cat?post=330"},{"taxonomy":"product_tag","embeddable":true,"href":"https:\/\/podo24.shop\/lv\/wp-json\/wp\/v2\/product_tag?post=330"}],"curies":[{"name":"wp","href":"https:\/\/api.w.org\/{rel}","templated":true}]}}