{"id":328,"date":"2026-01-09T01:32:27","date_gmt":"2026-01-08T22:32:27","guid":{"rendered":"https:\/\/podo24.shop\/?post_type=product&#038;p=328"},"modified":"2026-01-09T01:34:15","modified_gmt":"2026-01-08T22:34:15","slug":"gehwol-kuunte-parandamise-puhastusvahend","status":"publish","type":"product","link":"https:\/\/podo24.shop\/lv\/products\/gehwol-kuunte-parandamise-puhastusvahend\/","title":{"rendered":"Gehwol k\u00fc\u00fcnte parandamise puhastusvahend"},"content":{"rendered":"<p>K\u00fc\u00fcnte ettevalmistamine taastavaks manik\u00fc\u00fcriks ja pedik\u00fc\u00fcriks.<\/p>\n<p>Enne GEHWOLi k\u00fc\u00fcnteparandusgeeli kasutamist kandke t\u00f6\u00f6deldud k\u00fc\u00fcnt ning seej\u00e4rel puhastage ja rasvatage see GEHWOLi k\u00fc\u00fcnteparandusgeeliga. Dispersioonikiht p\u00e4rast k\u00fc\u00fcnte t\u00e4ielikku moodustumist eemaldatakse optimaalselt GEHWOLi k\u00fc\u00fcnteparanduspuhastusvahendiga. Seda saab kasutada ka k\u00f5vastumata GEHWOL k\u00fc\u00fcnte parandamise geeli puhastamiseks instrumentidelt ja pintslitelt.<\/p>","protected":false},"excerpt":{"rendered":"<p><strong>150ml<\/strong><\/p>\n<p>Manik\u00fc\u00fcri ja pedik\u00fc\u00fcri k\u00fc\u00fcnte parandamine.<\/p>","protected":false},"featured_media":374,"template":"","meta":[],"product_brand":[],"product_cat":[16],"product_tag":[],"class_list":{"0":"post-328","1":"product","2":"type-product","3":"status-publish","4":"has-post-thumbnail","6":"product_cat-misc","8":"first","9":"instock","10":"taxable","11":"shipping-taxable","12":"purchasable","13":"product-type-simple"},"_links":{"self":[{"href":"https:\/\/podo24.shop\/lv\/wp-json\/wp\/v2\/product\/328","targetHints":{"allow":["GET"]}}],"collection":[{"href":"https:\/\/podo24.shop\/lv\/wp-json\/wp\/v2\/product"}],"about":[{"href":"https:\/\/podo24.shop\/lv\/wp-json\/wp\/v2\/types\/product"}],"wp:featuredmedia":[{"embeddable":true,"href":"https:\/\/podo24.shop\/lv\/wp-json\/wp\/v2\/media\/374"}],"wp:attachment":[{"href":"https:\/\/podo24.shop\/lv\/wp-json\/wp\/v2\/media?parent=328"}],"wp:term":[{"taxonomy":"product_brand","embeddable":true,"href":"https:\/\/podo24.shop\/lv\/wp-json\/wp\/v2\/product_brand?post=328"},{"taxonomy":"product_cat","embeddable":true,"href":"https:\/\/podo24.shop\/lv\/wp-json\/wp\/v2\/product_cat?post=328"},{"taxonomy":"product_tag","embeddable":true,"href":"https:\/\/podo24.shop\/lv\/wp-json\/wp\/v2\/product_tag?post=328"}],"curies":[{"name":"wp","href":"https:\/\/api.w.org\/{rel}","templated":true}]}}