{"id":325,"date":"2026-01-09T01:32:27","date_gmt":"2026-01-08T22:32:27","guid":{"rendered":"https:\/\/podo24.shop\/?post_type=product&#038;p=325"},"modified":"2026-01-09T01:33:58","modified_gmt":"2026-01-08T22:33:58","slug":"gehwol-jalapalsam","status":"publish","type":"product","link":"https:\/\/podo24.shop\/lv\/products\/gehwol-jalapalsam\/","title":{"rendered":"GEHWOL jalapalsam"},"content":{"rendered":"<p>Rahustav, \u00f5rn taimne palsam jalgadele ja jalgadele.<\/p>\n<p>GEHWOL Leg Balm on \u00f5rn, mitte\u00f5line taimne palsam, mis on spetsiaalselt ette n\u00e4htud jalgade ja jalgade hooldamiseks. Hobukastanis sisalduv allantoiin, kummeli koostisaine bisabolool, hamamelisa ekstrakt, mentool ja pantenool v\u00e4hendavad \u00e4rritust ning omavad kokkut\u00f5mbavat ja rahustavat toimet naha v\u00e4rvuse muutustele ja punetusele. V\u00e4\u00e4rtuslikud toimeained imenduvad nahka kiiresti. GEHWOLi jalapalsam muudab naha regulaarsel kasutamisel kauniks, siledaks ja elastseks. Ennetatakse naha kuivust, nahaplekke, v\u00e4rvimuutusi, jalaseent ja naha enneaegset vananemist. Kerge massaa\u017e tugevdab teie veene, hoiab \u00e4ra raseduse ajal tekkivaid jalavaevusi ja annab meeldiva v\u00e4rske tunde.<\/p>","protected":false},"excerpt":{"rendered":"<p><strong>125ml, 500ml<\/strong><\/p>\n<p>Rahustav, \u00f5rn taimne palsam jalgadele ja jalgadele.<\/p>","protected":false},"featured_media":365,"template":"","meta":[],"product_brand":[],"product_cat":[16],"product_tag":[],"class_list":{"0":"post-325","1":"product","2":"type-product","3":"status-publish","4":"has-post-thumbnail","6":"product_cat-misc","8":"first","9":"outofstock","10":"taxable","11":"shipping-taxable","12":"product-type-variable"},"_links":{"self":[{"href":"https:\/\/podo24.shop\/lv\/wp-json\/wp\/v2\/product\/325","targetHints":{"allow":["GET"]}}],"collection":[{"href":"https:\/\/podo24.shop\/lv\/wp-json\/wp\/v2\/product"}],"about":[{"href":"https:\/\/podo24.shop\/lv\/wp-json\/wp\/v2\/types\/product"}],"wp:featuredmedia":[{"embeddable":true,"href":"https:\/\/podo24.shop\/lv\/wp-json\/wp\/v2\/media\/365"}],"wp:attachment":[{"href":"https:\/\/podo24.shop\/lv\/wp-json\/wp\/v2\/media?parent=325"}],"wp:term":[{"taxonomy":"product_brand","embeddable":true,"href":"https:\/\/podo24.shop\/lv\/wp-json\/wp\/v2\/product_brand?post=325"},{"taxonomy":"product_cat","embeddable":true,"href":"https:\/\/podo24.shop\/lv\/wp-json\/wp\/v2\/product_cat?post=325"},{"taxonomy":"product_tag","embeddable":true,"href":"https:\/\/podo24.shop\/lv\/wp-json\/wp\/v2\/product_tag?post=325"}],"curies":[{"name":"wp","href":"https:\/\/api.w.org\/{rel}","templated":true}]}}