{"id":324,"date":"2026-01-09T01:32:27","date_gmt":"2026-01-08T22:32:27","guid":{"rendered":"https:\/\/podo24.shop\/?post_type=product&#038;p=324"},"modified":"2026-01-09T01:33:44","modified_gmt":"2026-01-08T22:33:44","slug":"gehwol-jalapulber","status":"publish","type":"product","link":"https:\/\/podo24.shop\/lv\/products\/gehwol-jalapulber\/","title":{"rendered":"Gehwol jalapulber"},"content":{"rendered":"<p>Spetsiaalne desinfitseeriv pulber. Hoiab jalad kuivana.<\/p>\n<p>GEHWOL jalapuuder hoiab jalad kuivad, siidised ja l\u00f5hnatud. Desinfitseerivate GEHWOL-i toimeainetega spetsiaalne pulber hoiab \u00e4ra infektsioonid. GEHWOL jalapuuder on v\u00e4rske ja puhta l\u00f5hnaga. Soovitatav on panna GEHWOL jalapuudrit ka sokkide sisse.<\/p>","protected":false},"excerpt":{"rendered":"<p><strong>100g<\/strong><\/p>\n<p>Spetsiaalne desinfitseeriv pulber. Hoiab jalad kuivana.<\/p>","protected":false},"featured_media":364,"template":"","meta":[],"product_brand":[],"product_cat":[16],"product_tag":[],"class_list":{"0":"post-324","1":"product","2":"type-product","3":"status-publish","4":"has-post-thumbnail","6":"product_cat-misc","8":"first","9":"instock","10":"taxable","11":"shipping-taxable","12":"purchasable","13":"product-type-simple"},"_links":{"self":[{"href":"https:\/\/podo24.shop\/lv\/wp-json\/wp\/v2\/product\/324","targetHints":{"allow":["GET"]}}],"collection":[{"href":"https:\/\/podo24.shop\/lv\/wp-json\/wp\/v2\/product"}],"about":[{"href":"https:\/\/podo24.shop\/lv\/wp-json\/wp\/v2\/types\/product"}],"wp:featuredmedia":[{"embeddable":true,"href":"https:\/\/podo24.shop\/lv\/wp-json\/wp\/v2\/media\/364"}],"wp:attachment":[{"href":"https:\/\/podo24.shop\/lv\/wp-json\/wp\/v2\/media?parent=324"}],"wp:term":[{"taxonomy":"product_brand","embeddable":true,"href":"https:\/\/podo24.shop\/lv\/wp-json\/wp\/v2\/product_brand?post=324"},{"taxonomy":"product_cat","embeddable":true,"href":"https:\/\/podo24.shop\/lv\/wp-json\/wp\/v2\/product_cat?post=324"},{"taxonomy":"product_tag","embeddable":true,"href":"https:\/\/podo24.shop\/lv\/wp-json\/wp\/v2\/product_tag?post=324"}],"curies":[{"name":"wp","href":"https:\/\/api.w.org\/{rel}","templated":true}]}}