{"id":619,"date":"2026-01-09T01:47:34","date_gmt":"2026-01-08T22:47:34","guid":{"rendered":"https:\/\/podo24.shop\/?post_type=product&#038;p=619"},"modified":"2026-01-14T18:38:39","modified_gmt":"2026-01-14T15:38:39","slug":"gehwol-fusskraft-intensiivne-kreem-endine-blue","status":"publish","type":"product","link":"https:\/\/podo24.shop\/lt\/produktas\/gehwol-fusskraft-intensiivne-kreem-endine-blue\/","title":{"rendered":"Gehwol Fusskraft intensiivne kreem (endine &#171;Blue&#187;)"},"content":{"rendered":"<p>J\u00e4tab jalad m\u00e4rgatavalt pehmemaks ja siledamaks.<\/p>\n<p>GEHWOL FUSSKRAFT BLUE sisaldab proovitud ja testitud t\u00f5husaid koostisosi jalgade l\u00f5hna ennetamiseks, aitab v\u00e4ltida varvaste vahelisi nakkusi ja s\u00fcgelust. Looduslikud hooldavad \u00f5lid, nagu lanoliin, on kombineeritud niisutava aloe vera ja karbamiidiga, et tagada kuivale karedale jalanahale h\u00e4davajalik hooldus, aidates taastada naha elastsust ja siledust. GEHWOL FUSSKRAFT BLUE-s sisalduvad looduslikud rosmariini, m\u00e4gim\u00e4nni ja lavendli eeterlikud \u00f5lid, kosutav kamper ja jahutav mentool leevendavad koheselt haigeid ja valutavaid jalgu. Tugevdab ja elustab jalgu.<\/p>","protected":false},"excerpt":{"rendered":"<p><strong>75ml, 125ml<\/strong><\/p>\n<p>J\u00e4tab jalad m\u00e4rgatavalt pehmemaks ja siledamaks.<\/p>","protected":false},"featured_media":634,"template":"","meta":[],"product_brand":[],"product_cat":[23,22,21],"product_tag":[],"class_list":{"0":"post-619","1":"product","2":"type-product","3":"status-publish","4":"has-post-thumbnail","6":"product_cat-fusskraft","7":"product_cat-gehwol","8":"product_cat-21","9":"pa_maht-125ml","10":"pa_maht-500ml","11":"pa_maht-75ml","13":"first","14":"instock","15":"taxable","16":"shipping-taxable","17":"purchasable","18":"product-type-variable"},"_links":{"self":[{"href":"https:\/\/podo24.shop\/lt\/wp-json\/wp\/v2\/product\/619","targetHints":{"allow":["GET"]}}],"collection":[{"href":"https:\/\/podo24.shop\/lt\/wp-json\/wp\/v2\/product"}],"about":[{"href":"https:\/\/podo24.shop\/lt\/wp-json\/wp\/v2\/types\/product"}],"wp:featuredmedia":[{"embeddable":true,"href":"https:\/\/podo24.shop\/lt\/wp-json\/wp\/v2\/media\/634"}],"wp:attachment":[{"href":"https:\/\/podo24.shop\/lt\/wp-json\/wp\/v2\/media?parent=619"}],"wp:term":[{"taxonomy":"product_brand","embeddable":true,"href":"https:\/\/podo24.shop\/lt\/wp-json\/wp\/v2\/product_brand?post=619"},{"taxonomy":"product_cat","embeddable":true,"href":"https:\/\/podo24.shop\/lt\/wp-json\/wp\/v2\/product_cat?post=619"},{"taxonomy":"product_tag","embeddable":true,"href":"https:\/\/podo24.shop\/lt\/wp-json\/wp\/v2\/product_tag?post=619"}],"curies":[{"name":"wp","href":"https:\/\/api.w.org\/{rel}","templated":true}]}}