{"id":512,"date":"2026-01-09T01:44:40","date_gmt":"2026-01-08T22:44:40","guid":{"rendered":"https:\/\/podo24.shop\/?post_type=product&#038;p=512"},"modified":"2026-01-14T19:00:57","modified_gmt":"2026-01-14T16:00:57","slug":"varbakatted-g-mini","status":"publish","type":"product","link":"https:\/\/podo24.shop\/lt\/produktas\/varbakatted-g-mini\/","title":{"rendered":"Varbakatted G &#8212; 2 pcs \/ 6 pcs"},"content":{"rendered":"<p>Nahas\u00f5bralik, pehme, v\u00e4ga elastne pol\u00fcmeerist geelkork.<\/p>\n<p>Kork katab varba. Pehme polsterdus \u00e4rritunud valulike kohtade jaoks varvaste otstes ja k\u00fclgedel. Peatab varvaste \u00fcksteise vastu h\u00f5\u00f5rumise. V\u00e4ike ava otsas laseb \u00f5hku v\u00e4lja ja muudab kandmise m\u00f5nusamaks.<\/p>","protected":false},"excerpt":{"rendered":"<p><strong>6tk\/pakis<\/strong><\/p>\n<p>Nahas\u00f5bralik, pehme, v\u00e4ga elastne pol\u00fcmeerist geelkork.<\/p>","protected":false},"featured_media":762,"template":"","meta":[],"product_brand":[],"product_cat":[16],"product_tag":[],"class_list":{"0":"post-512","1":"product","2":"type-product","3":"status-publish","4":"has-post-thumbnail","6":"product_cat-misc","7":"pa_suurus-medium-2pcs-box","8":"pa_suurus-medium","9":"pa_suurus-mini-2pcs-box","10":"pa_suurus-mini","11":"pa_suurus-small-2pcs-box","12":"pa_suurus-small","14":"first","15":"instock","16":"taxable","17":"shipping-taxable","18":"purchasable","19":"product-type-variable"},"_links":{"self":[{"href":"https:\/\/podo24.shop\/lt\/wp-json\/wp\/v2\/product\/512","targetHints":{"allow":["GET"]}}],"collection":[{"href":"https:\/\/podo24.shop\/lt\/wp-json\/wp\/v2\/product"}],"about":[{"href":"https:\/\/podo24.shop\/lt\/wp-json\/wp\/v2\/types\/product"}],"wp:featuredmedia":[{"embeddable":true,"href":"https:\/\/podo24.shop\/lt\/wp-json\/wp\/v2\/media\/762"}],"wp:attachment":[{"href":"https:\/\/podo24.shop\/lt\/wp-json\/wp\/v2\/media?parent=512"}],"wp:term":[{"taxonomy":"product_brand","embeddable":true,"href":"https:\/\/podo24.shop\/lt\/wp-json\/wp\/v2\/product_brand?post=512"},{"taxonomy":"product_cat","embeddable":true,"href":"https:\/\/podo24.shop\/lt\/wp-json\/wp\/v2\/product_cat?post=512"},{"taxonomy":"product_tag","embeddable":true,"href":"https:\/\/podo24.shop\/lt\/wp-json\/wp\/v2\/product_tag?post=512"}],"curies":[{"name":"wp","href":"https:\/\/api.w.org\/{rel}","templated":true}]}}