{"id":510,"date":"2026-01-09T01:44:40","date_gmt":"2026-01-08T22:44:40","guid":{"rendered":"https:\/\/podo24.shop\/?post_type=product&#038;p=510"},"modified":"2026-01-09T01:47:03","modified_gmt":"2026-01-08T22:47:03","slug":"gehwol-polymer-geel-varbakaitse","status":"publish","type":"product","link":"https:\/\/podo24.shop\/lt\/produktas\/gehwol-polymer-geel-varbakaitse\/","title":{"rendered":"Gehwol Polymer Geel Varbakaitse"},"content":{"rendered":"<p>Surve leevendamine ja varba kaitse h\u00f5\u00f5rdumise eest.<\/p>\n<p>Peenest v\u00e4ga elastsest kangast painduv pol\u00fcmeerne geel, mis tagab v\u00f5rdse r\u00f5hu v\u00e4hendamise, n\u00e4iteks t\u00fc\u00fcgaste v\u00f5i konnasilmade korral.<\/p>","protected":false},"excerpt":{"rendered":"<p><strong>2tk\/pakis<\/strong><\/p>\n<p>Surve leevendamine ja varba kaitse h\u00f5\u00f5rdumise eest<\/p>","protected":false},"featured_media":578,"template":"","meta":[],"product_brand":[],"product_cat":[16],"product_tag":[],"class_list":{"0":"post-510","1":"product","2":"type-product","3":"status-publish","4":"has-post-thumbnail","6":"product_cat-misc","8":"first","9":"outofstock","10":"taxable","11":"shipping-taxable","12":"product-type-variable"},"_links":{"self":[{"href":"https:\/\/podo24.shop\/lt\/wp-json\/wp\/v2\/product\/510","targetHints":{"allow":["GET"]}}],"collection":[{"href":"https:\/\/podo24.shop\/lt\/wp-json\/wp\/v2\/product"}],"about":[{"href":"https:\/\/podo24.shop\/lt\/wp-json\/wp\/v2\/types\/product"}],"wp:featuredmedia":[{"embeddable":true,"href":"https:\/\/podo24.shop\/lt\/wp-json\/wp\/v2\/media\/578"}],"wp:attachment":[{"href":"https:\/\/podo24.shop\/lt\/wp-json\/wp\/v2\/media?parent=510"}],"wp:term":[{"taxonomy":"product_brand","embeddable":true,"href":"https:\/\/podo24.shop\/lt\/wp-json\/wp\/v2\/product_brand?post=510"},{"taxonomy":"product_cat","embeddable":true,"href":"https:\/\/podo24.shop\/lt\/wp-json\/wp\/v2\/product_cat?post=510"},{"taxonomy":"product_tag","embeddable":true,"href":"https:\/\/podo24.shop\/lt\/wp-json\/wp\/v2\/product_tag?post=510"}],"curies":[{"name":"wp","href":"https:\/\/api.w.org\/{rel}","templated":true}]}}