{"id":509,"date":"2026-01-09T01:44:40","date_gmt":"2026-01-08T22:44:40","guid":{"rendered":"https:\/\/podo24.shop\/?post_type=product&#038;p=509"},"modified":"2026-01-09T01:46:48","modified_gmt":"2026-01-08T22:46:48","slug":"gehwol-polymer-geelvarbakate","status":"publish","type":"product","link":"https:\/\/podo24.shop\/lt\/produktas\/gehwol-polymer-geelvarbakate\/","title":{"rendered":"Gehwol Polymer Geelvarbakate"},"content":{"rendered":"<p>R\u00f5huvabastus kogu varba \u00fcmber.<\/p>\n<p>\u00d5mblusteta \u00fclielastne kangas, mis on seest t\u00e4ielikult kaetud elastse ja nahka hooldava pol\u00fcmeergeeliga. Varvastevaheliste konnasilmade, perion\u00fchhiumi ja varbaotste probleemide korral.<\/p>","protected":false},"excerpt":{"rendered":"<p><strong>1tk\/pakis<\/strong><\/p>\n<p>R\u00f5huvabastus kogu varba \u00fcmber.<\/p>","protected":false},"featured_media":570,"template":"","meta":[],"product_brand":[],"product_cat":[16],"product_tag":[],"class_list":{"0":"post-509","1":"product","2":"type-product","3":"status-publish","4":"has-post-thumbnail","6":"product_cat-misc","8":"first","9":"outofstock","10":"taxable","11":"shipping-taxable","12":"product-type-variable"},"_links":{"self":[{"href":"https:\/\/podo24.shop\/lt\/wp-json\/wp\/v2\/product\/509","targetHints":{"allow":["GET"]}}],"collection":[{"href":"https:\/\/podo24.shop\/lt\/wp-json\/wp\/v2\/product"}],"about":[{"href":"https:\/\/podo24.shop\/lt\/wp-json\/wp\/v2\/types\/product"}],"wp:featuredmedia":[{"embeddable":true,"href":"https:\/\/podo24.shop\/lt\/wp-json\/wp\/v2\/media\/570"}],"wp:attachment":[{"href":"https:\/\/podo24.shop\/lt\/wp-json\/wp\/v2\/media?parent=509"}],"wp:term":[{"taxonomy":"product_brand","embeddable":true,"href":"https:\/\/podo24.shop\/lt\/wp-json\/wp\/v2\/product_brand?post=509"},{"taxonomy":"product_cat","embeddable":true,"href":"https:\/\/podo24.shop\/lt\/wp-json\/wp\/v2\/product_cat?post=509"},{"taxonomy":"product_tag","embeddable":true,"href":"https:\/\/podo24.shop\/lt\/wp-json\/wp\/v2\/product_tag?post=509"}],"curies":[{"name":"wp","href":"https:\/\/api.w.org\/{rel}","templated":true}]}}