{"id":484,"date":"2026-01-09T01:43:15","date_gmt":"2026-01-08T22:43:15","guid":{"rendered":"https:\/\/podo24.shop\/?post_type=product&#038;p=484"},"modified":"2026-01-09T01:46:22","modified_gmt":"2026-01-08T22:46:22","slug":"gehwoli-ponnipadi-g","status":"publish","type":"product","link":"https:\/\/podo24.shop\/lt\/produktas\/gehwoli-ponnipadi-g\/","title":{"rendered":"GEHWOLi p\u00f5nnipadi G"},"content":{"rendered":"<p>Nahas\u00f5bralik, pehme, v\u00e4ga elastne pol\u00fcmeerne geelpadi<\/p>\n<p>Lihtsustab p\u00f5nnidega k\u00f5ndimist. Pehme, v\u00e4ga elastne padi pakub ainulaadset kaitset ja mugavust. Seda kantakse suka all. M\u00f5lemad tooted \u2013 Bunion Cushion G ja Toe Dividers \u2013 t\u00e4iendavad \u00fcksteist.<\/p>","protected":false},"excerpt":{"rendered":"<p><strong>1tk\/pakis<\/strong><\/p>\n<p>Nahas\u00f5bralik, pehme, v\u00e4ga elastne pol\u00fcmeerne geelpadi<\/p>","protected":false},"featured_media":558,"template":"","meta":[],"product_brand":[],"product_cat":[16],"product_tag":[],"class_list":{"0":"post-484","1":"product","2":"type-product","3":"status-publish","4":"has-post-thumbnail","6":"product_cat-misc","8":"first","9":"instock","10":"taxable","11":"shipping-taxable","12":"purchasable","13":"product-type-simple"},"_links":{"self":[{"href":"https:\/\/podo24.shop\/lt\/wp-json\/wp\/v2\/product\/484","targetHints":{"allow":["GET"]}}],"collection":[{"href":"https:\/\/podo24.shop\/lt\/wp-json\/wp\/v2\/product"}],"about":[{"href":"https:\/\/podo24.shop\/lt\/wp-json\/wp\/v2\/types\/product"}],"wp:featuredmedia":[{"embeddable":true,"href":"https:\/\/podo24.shop\/lt\/wp-json\/wp\/v2\/media\/558"}],"wp:attachment":[{"href":"https:\/\/podo24.shop\/lt\/wp-json\/wp\/v2\/media?parent=484"}],"wp:term":[{"taxonomy":"product_brand","embeddable":true,"href":"https:\/\/podo24.shop\/lt\/wp-json\/wp\/v2\/product_brand?post=484"},{"taxonomy":"product_cat","embeddable":true,"href":"https:\/\/podo24.shop\/lt\/wp-json\/wp\/v2\/product_cat?post=484"},{"taxonomy":"product_tag","embeddable":true,"href":"https:\/\/podo24.shop\/lt\/wp-json\/wp\/v2\/product_tag?post=484"}],"curies":[{"name":"wp","href":"https:\/\/api.w.org\/{rel}","templated":true}]}}