{"id":475,"date":"2026-01-09T01:42:48","date_gmt":"2026-01-08T22:42:48","guid":{"rendered":"https:\/\/podo24.shop\/?post_type=product&#038;p=475"},"modified":"2026-01-09T01:46:19","modified_gmt":"2026-01-08T22:46:19","slug":"gehwol-padi-haamri-varbale-g","status":"publish","type":"product","link":"https:\/\/podo24.shop\/lt\/produktas\/gehwol-padi-haamri-varbale-g\/","title":{"rendered":"Gehwol Padi haamri varbale G"},"content":{"rendered":"<p>Survevabastus vasaravarvastele.<\/p>\n<p>Eriti mugav ja pehme pol\u00fcmeerne geelpadi, millel on lai elastne aas, mis tagab kindla, mitte kitsendava istuvuse. Hoiab \u00e4ra naha\u00e4rrituse ja konnasilmade teket varbaotstes Jalgade kandev\u00f5ime on m\u00e4rgatavalt suurenenud.<\/p>","protected":false},"excerpt":{"rendered":"<p><strong>1tk\/pakis<\/strong><\/p>\n<p>Survevabastus vasaravarvastele.<\/p>","protected":false},"featured_media":554,"template":"","meta":[],"product_brand":[],"product_cat":[16],"product_tag":[],"class_list":{"0":"post-475","1":"product","2":"type-product","3":"status-publish","4":"has-post-thumbnail","6":"product_cat-misc","8":"first","9":"outofstock","10":"taxable","11":"shipping-taxable","12":"product-type-variable"},"_links":{"self":[{"href":"https:\/\/podo24.shop\/lt\/wp-json\/wp\/v2\/product\/475","targetHints":{"allow":["GET"]}}],"collection":[{"href":"https:\/\/podo24.shop\/lt\/wp-json\/wp\/v2\/product"}],"about":[{"href":"https:\/\/podo24.shop\/lt\/wp-json\/wp\/v2\/types\/product"}],"wp:featuredmedia":[{"embeddable":true,"href":"https:\/\/podo24.shop\/lt\/wp-json\/wp\/v2\/media\/554"}],"wp:attachment":[{"href":"https:\/\/podo24.shop\/lt\/wp-json\/wp\/v2\/media?parent=475"}],"wp:term":[{"taxonomy":"product_brand","embeddable":true,"href":"https:\/\/podo24.shop\/lt\/wp-json\/wp\/v2\/product_brand?post=475"},{"taxonomy":"product_cat","embeddable":true,"href":"https:\/\/podo24.shop\/lt\/wp-json\/wp\/v2\/product_cat?post=475"},{"taxonomy":"product_tag","embeddable":true,"href":"https:\/\/podo24.shop\/lt\/wp-json\/wp\/v2\/product_tag?post=475"}],"curies":[{"name":"wp","href":"https:\/\/api.w.org\/{rel}","templated":true}]}}