{"id":456,"date":"2026-01-09T01:41:58","date_gmt":"2026-01-08T22:41:58","guid":{"rendered":"https:\/\/podo24.shop\/?post_type=product&#038;p=456"},"modified":"2026-01-09T01:45:20","modified_gmt":"2026-01-08T22:45:20","slug":"gw-metattasal-ja-bunioni-padi-elastse-sidemega","status":"publish","type":"product","link":"https:\/\/podo24.shop\/lt\/produktas\/gw-metattasal-ja-bunioni-padi-elastse-sidemega\/","title":{"rendered":"GW Metattasal ja bunioni padi elastse sidemega"},"content":{"rendered":"<p>Surve leevendamine ja keskmise jala kaitse h\u00f5\u00f5rdumise eest.<\/p>\n<p>Pehme ja \u00fclimalt kohanemisv\u00f5imeline elastne side sisaldab elastset, v\u00e4ga elastset pol\u00fcmeersest geelpadjast jalalaba eesmises piirkonnas ja suure varba padjandi piirkonnas. Padi leevendab kohest survevalu, jaotab survet \u00fcmber ning pakub kohest kaitset ja leevendust. T\u00e4nu oma erilisele kujule sobib see igasse jalan\u00f5usse ja on v\u00e4ga mugav kanda. Kinnitus suurel varbal tagab t\u00e4iusliku asendi jalal ja hoiab \u00e4ra libisemise. Saadaval kahes suuruses. Vasakul v\u00f5i paremal jalal kandmiseks keerake lihtsalt elastset sidet.<\/p>","protected":false},"excerpt":{"rendered":"<p><strong>1tk\/pakis<\/strong><\/p>\n<p>Surve leevendamine ja keskmise jala kaitse h\u00f5\u00f5rdumise eest.<\/p>","protected":false},"featured_media":530,"template":"","meta":[],"product_brand":[],"product_cat":[16],"product_tag":[],"class_list":{"0":"post-456","1":"product","2":"type-product","3":"status-publish","4":"has-post-thumbnail","6":"product_cat-misc","8":"first","9":"outofstock","10":"taxable","11":"shipping-taxable","12":"product-type-variable"},"_links":{"self":[{"href":"https:\/\/podo24.shop\/lt\/wp-json\/wp\/v2\/product\/456","targetHints":{"allow":["GET"]}}],"collection":[{"href":"https:\/\/podo24.shop\/lt\/wp-json\/wp\/v2\/product"}],"about":[{"href":"https:\/\/podo24.shop\/lt\/wp-json\/wp\/v2\/types\/product"}],"wp:featuredmedia":[{"embeddable":true,"href":"https:\/\/podo24.shop\/lt\/wp-json\/wp\/v2\/media\/530"}],"wp:attachment":[{"href":"https:\/\/podo24.shop\/lt\/wp-json\/wp\/v2\/media?parent=456"}],"wp:term":[{"taxonomy":"product_brand","embeddable":true,"href":"https:\/\/podo24.shop\/lt\/wp-json\/wp\/v2\/product_brand?post=456"},{"taxonomy":"product_cat","embeddable":true,"href":"https:\/\/podo24.shop\/lt\/wp-json\/wp\/v2\/product_cat?post=456"},{"taxonomy":"product_tag","embeddable":true,"href":"https:\/\/podo24.shop\/lt\/wp-json\/wp\/v2\/product_tag?post=456"}],"curies":[{"name":"wp","href":"https:\/\/api.w.org\/{rel}","templated":true}]}}