{"id":447,"date":"2026-01-09T01:40:39","date_gmt":"2026-01-08T22:40:39","guid":{"rendered":"https:\/\/podo24.shop\/?post_type=product&#038;p=447"},"modified":"2026-01-09T01:45:15","modified_gmt":"2026-01-08T22:45:15","slug":"gw-bunioni-padi-varvaste-eraldajaga","status":"publish","type":"product","link":"https:\/\/podo24.shop\/lt\/produktas\/gw-bunioni-padi-varvaste-eraldajaga\/","title":{"rendered":"GW Bunioni padi varvaste eraldajaga"},"content":{"rendered":"<p>Surve leevendamiseks ja jaotamiseks suure varba j\u00e4nesel<\/p>\n<p>Pehmest elastsest pol\u00fcmeergeelist valmistatud padjapadja eriline kuju sobib iga jalatsiga ja pakub kohest leevendust. See orienteerib \u00f5igesti esimest ja teist varvast ning hoiab \u00e4ra nende kattumise. See pakub leevendust valulikele padjanditele, konnasilmadele ja villidele. Geelis sisalduvad \u00f5lid toidavad nahka ning aitavad muuta j\u00e4medused ja kalluse elastseks.<\/p>","protected":false},"excerpt":{"rendered":"<p><strong>1tk\/pakis<\/strong><\/p>\n<p>Surve leevendamiseks ja jaotamiseks suure varba j\u00e4nesel<\/p>","protected":false},"featured_media":529,"template":"","meta":[],"product_brand":[],"product_cat":[16],"product_tag":[],"class_list":{"0":"post-447","1":"product","2":"type-product","3":"status-publish","4":"has-post-thumbnail","6":"product_cat-misc","8":"first","9":"instock","10":"taxable","11":"shipping-taxable","12":"purchasable","13":"product-type-simple"},"_links":{"self":[{"href":"https:\/\/podo24.shop\/lt\/wp-json\/wp\/v2\/product\/447","targetHints":{"allow":["GET"]}}],"collection":[{"href":"https:\/\/podo24.shop\/lt\/wp-json\/wp\/v2\/product"}],"about":[{"href":"https:\/\/podo24.shop\/lt\/wp-json\/wp\/v2\/types\/product"}],"wp:featuredmedia":[{"embeddable":true,"href":"https:\/\/podo24.shop\/lt\/wp-json\/wp\/v2\/media\/529"}],"wp:attachment":[{"href":"https:\/\/podo24.shop\/lt\/wp-json\/wp\/v2\/media?parent=447"}],"wp:term":[{"taxonomy":"product_brand","embeddable":true,"href":"https:\/\/podo24.shop\/lt\/wp-json\/wp\/v2\/product_brand?post=447"},{"taxonomy":"product_cat","embeddable":true,"href":"https:\/\/podo24.shop\/lt\/wp-json\/wp\/v2\/product_cat?post=447"},{"taxonomy":"product_tag","embeddable":true,"href":"https:\/\/podo24.shop\/lt\/wp-json\/wp\/v2\/product_tag?post=447"}],"curies":[{"name":"wp","href":"https:\/\/api.w.org\/{rel}","templated":true}]}}