{"id":415,"date":"2026-01-09T01:37:48","date_gmt":"2026-01-08T22:37:48","guid":{"rendered":"https:\/\/podo24.shop\/?post_type=product&#038;p=415"},"modified":"2026-01-09T01:44:22","modified_gmt":"2026-01-08T22:44:22","slug":"gehwol-kasn-kovale-nahale","status":"publish","type":"product","link":"https:\/\/podo24.shop\/lt\/produktas\/gehwol-kasn-kovale-nahale\/","title":{"rendered":"Gehwol k\u00e4sn k\u00f5vale nahale"},"content":{"rendered":"<p>J\u00e4me ja peene pooridega mineraalne kalluse k\u00e4sn. J\u00e4medam valge pool on jalgadelt kangekaelse kalluse, j\u00e4medate haavade ja konnasilmade eemaldamiseks. Peenem, sinine pool on k\u00e4tele, pahkluudele, p\u00f5lvedele jne. Eemaldatakse surnud naharakud \u2013 nahk muutub \u00f5rnaks ja pehmeks. N\u00e4pun\u00e4ide: GEHWOLi jalavann muudab kalluse eemaldamise lihtsamaks.<\/p>","protected":false},"excerpt":{"rendered":"<p>2x efektiga konnasilmade ja kalluse eemaldamiseks<\/p>","protected":false},"featured_media":503,"template":"","meta":[],"product_brand":[],"product_cat":[16],"product_tag":[],"class_list":{"0":"post-415","1":"product","2":"type-product","3":"status-publish","4":"has-post-thumbnail","6":"product_cat-misc","8":"first","9":"instock","10":"taxable","11":"shipping-taxable","12":"purchasable","13":"product-type-simple"},"_links":{"self":[{"href":"https:\/\/podo24.shop\/lt\/wp-json\/wp\/v2\/product\/415","targetHints":{"allow":["GET"]}}],"collection":[{"href":"https:\/\/podo24.shop\/lt\/wp-json\/wp\/v2\/product"}],"about":[{"href":"https:\/\/podo24.shop\/lt\/wp-json\/wp\/v2\/types\/product"}],"wp:featuredmedia":[{"embeddable":true,"href":"https:\/\/podo24.shop\/lt\/wp-json\/wp\/v2\/media\/503"}],"wp:attachment":[{"href":"https:\/\/podo24.shop\/lt\/wp-json\/wp\/v2\/media?parent=415"}],"wp:term":[{"taxonomy":"product_brand","embeddable":true,"href":"https:\/\/podo24.shop\/lt\/wp-json\/wp\/v2\/product_brand?post=415"},{"taxonomy":"product_cat","embeddable":true,"href":"https:\/\/podo24.shop\/lt\/wp-json\/wp\/v2\/product_cat?post=415"},{"taxonomy":"product_tag","embeddable":true,"href":"https:\/\/podo24.shop\/lt\/wp-json\/wp\/v2\/product_tag?post=415"}],"curies":[{"name":"wp","href":"https:\/\/api.w.org\/{rel}","templated":true}]}}