{"id":398,"date":"2026-01-09T01:36:19","date_gmt":"2026-01-08T22:36:19","guid":{"rendered":"https:\/\/podo24.shop\/?post_type=product&#038;p=398"},"modified":"2026-01-09T01:43:49","modified_gmt":"2026-01-08T22:43:49","slug":"gehwol-soft-butter-granaatoun-moringa","status":"publish","type":"product","link":"https:\/\/podo24.shop\/lt\/produktas\/gehwol-soft-butter-granaatoun-moringa\/","title":{"rendered":"Gehwol Soft Butter granaat\u00f5un &#038; moringa"},"content":{"rendered":"<p data-start=\"42\" data-end=\"101\"><strong data-start=\"42\" data-end=\"99\">Granaat\u00f5un ja moringa \u2014 jalgade ja s\u00e4\u00e4rte hoolduseks.<\/strong><\/p>\n<p data-start=\"103\" data-end=\"296\"><strong data-start=\"103\" data-end=\"182\">GEHWOL FUSSKRAFT Soft Feet Butter \u2014 Toitev jalav\u00f5i granaat\u00f5una ja moringaga<\/strong><br data-start=\"182\" data-end=\"185\" \/>Toidab intensiivselt ning hooldab v\u00e4sinud jalgu t\u00e4nu kvaliteetsetele koostisosadele ja puuviljasele aroomile.<\/p>\n<p data-start=\"298\" data-end=\"321\"><strong data-start=\"298\" data-end=\"319\">Toime ja eelised:<\/strong><\/p>\n<ul data-start=\"322\" data-end=\"736\">\n<li data-start=\"322\" data-end=\"394\">\n<p data-start=\"324\" data-end=\"394\">Granaat\u00f5unaekstrakt ja moringa\u00f5li muudavad naha elastseks ja pehmeks<\/p>\n<\/li>\n<li data-start=\"395\" data-end=\"476\">\n<p data-start=\"397\" data-end=\"476\">Sheav\u00f5i toidab ja tugevdab naha kaitsebarj\u00e4\u00e4ri, j\u00e4tab naha siidiselt siledaks<\/p>\n<\/li>\n<li data-start=\"477\" data-end=\"565\">\n<p data-start=\"479\" data-end=\"565\">S\u00fcgavatoimeline h\u00fcaluroonhape imendub kergesti, j\u00f5udes naha s\u00fcgavamatesse kihtidesse<\/p>\n<\/li>\n<li data-start=\"566\" data-end=\"669\">\n<p data-start=\"568\" data-end=\"669\">Koos E-vitamiini ja avokaado\u00f5liga stimuleerib rakkude uuenemist ja tugevdab naha loomulikku kaitset<\/p>\n<\/li>\n<li data-start=\"670\" data-end=\"736\">\n<p data-start=\"672\" data-end=\"736\">Niisutab s\u00fcgavuti, ennetades kareda naha ja konnasilmade teket<\/p>\n<\/li>\n<\/ul>\n<p data-start=\"738\" data-end=\"904\"><strong data-start=\"738\" data-end=\"753\">Kasutamine:<\/strong> Kandke GEHWOL Soft Feet Butter puhtale jalgade ja s\u00e4\u00e4rte nahale, masseerige \u00f5rnalt kuni t\u00e4ieliku imendumiseni. Nautige hoolitsetud ja pehmeid jalgu.<\/p>\n<p data-start=\"906\" data-end=\"1211\"><strong data-start=\"906\" data-end=\"926\">Hooldussoovitus:<\/strong> Parima tulemuse saavutamiseks kasutage enne kreemi pealekandmist GEHWOL FUSSKRAFT Soft Feet jalavanni mandli\u00f5liga ja koorijat bambusepuhastusgraanulitega. Need pehmendavad kuiva nahka ja eemaldavad surnud naharakud, valmistades naha ette edasiseks hoolduseks.<\/p>","protected":false},"excerpt":{"rendered":"<p><strong>100ml, 500ml<\/strong><\/p>\n<p>Granaat\u00f5un ja moringa h\u00e4sti hooldatud jalgadele ja s\u00e4\u00e4rtele.<\/p>","protected":false},"featured_media":488,"template":"","meta":[],"product_brand":[],"product_cat":[16],"product_tag":[],"class_list":{"0":"post-398","1":"product","2":"type-product","3":"status-publish","4":"has-post-thumbnail","6":"product_cat-misc","8":"first","9":"outofstock","10":"taxable","11":"shipping-taxable","12":"product-type-variable"},"_links":{"self":[{"href":"https:\/\/podo24.shop\/lt\/wp-json\/wp\/v2\/product\/398","targetHints":{"allow":["GET"]}}],"collection":[{"href":"https:\/\/podo24.shop\/lt\/wp-json\/wp\/v2\/product"}],"about":[{"href":"https:\/\/podo24.shop\/lt\/wp-json\/wp\/v2\/types\/product"}],"wp:featuredmedia":[{"embeddable":true,"href":"https:\/\/podo24.shop\/lt\/wp-json\/wp\/v2\/media\/488"}],"wp:attachment":[{"href":"https:\/\/podo24.shop\/lt\/wp-json\/wp\/v2\/media?parent=398"}],"wp:term":[{"taxonomy":"product_brand","embeddable":true,"href":"https:\/\/podo24.shop\/lt\/wp-json\/wp\/v2\/product_brand?post=398"},{"taxonomy":"product_cat","embeddable":true,"href":"https:\/\/podo24.shop\/lt\/wp-json\/wp\/v2\/product_cat?post=398"},{"taxonomy":"product_tag","embeddable":true,"href":"https:\/\/podo24.shop\/lt\/wp-json\/wp\/v2\/product_tag?post=398"}],"curies":[{"name":"wp","href":"https:\/\/api.w.org\/{rel}","templated":true}]}}