{"id":397,"date":"2026-01-09T01:36:19","date_gmt":"2026-01-08T22:36:19","guid":{"rendered":"https:\/\/podo24.shop\/?post_type=product&#038;p=397"},"modified":"2026-01-09T01:43:14","modified_gmt":"2026-01-08T22:43:14","slug":"gehwol-fusskraft-soft-feet-lotion","status":"publish","type":"product","link":"https:\/\/podo24.shop\/lt\/produktas\/gehwol-fusskraft-soft-feet-lotion\/","title":{"rendered":"Gehwol Fusskraft Soft Feet Lotion"},"content":{"rendered":"<p>Vesiroos ja siid h\u00e4sti hooldatud s\u00e4\u00e4rtele.<\/p>\n<p>GEHWOL FUSSKRAFT Soft Feet Lotion v\u00e4rskendab ja toidab valitud toimeainetega. Vesiroos rahustab ja pinguldab, siidiekstrakt silub nahka. Spetsiaalselt t\u00f6\u00f6deldud h\u00fcaluroon suudab tungida s\u00fcgavamatesse nahakihtidesse, et s\u00e4ilitada seal niiskust. V\u00e4rskendav hooldus rahustab v\u00e4sinud ja raskeid jalgu \u2013 seda toetavad punavetika Palmaria Palmata toimeained. Avokaado\u00f5li ja f\u00fctoskvalaan neutraliseerivad kuiva, karedat ja ketendavat nahka ning v\u00e4hendavad niiskuskadu. Lotion hajub kergesti ja imendub kiiresti. Kergete, siidiselt pehmete toidetud s\u00e4\u00e4rte ja jalgade kogemiseks.<\/p>","protected":false},"excerpt":{"rendered":"<p><strong>125ml, 500ml<\/strong><\/p>\n<p>Vesiroos ja siid h\u00e4sti hooldatud s\u00e4\u00e4rtele.<\/p>","protected":false},"featured_media":482,"template":"","meta":[],"product_brand":[],"product_cat":[16],"product_tag":[],"class_list":{"0":"post-397","1":"product","2":"type-product","3":"status-publish","4":"has-post-thumbnail","6":"product_cat-misc","8":"first","9":"outofstock","10":"taxable","11":"shipping-taxable","12":"product-type-variable"},"_links":{"self":[{"href":"https:\/\/podo24.shop\/lt\/wp-json\/wp\/v2\/product\/397","targetHints":{"allow":["GET"]}}],"collection":[{"href":"https:\/\/podo24.shop\/lt\/wp-json\/wp\/v2\/product"}],"about":[{"href":"https:\/\/podo24.shop\/lt\/wp-json\/wp\/v2\/types\/product"}],"wp:featuredmedia":[{"embeddable":true,"href":"https:\/\/podo24.shop\/lt\/wp-json\/wp\/v2\/media\/482"}],"wp:attachment":[{"href":"https:\/\/podo24.shop\/lt\/wp-json\/wp\/v2\/media?parent=397"}],"wp:term":[{"taxonomy":"product_brand","embeddable":true,"href":"https:\/\/podo24.shop\/lt\/wp-json\/wp\/v2\/product_brand?post=397"},{"taxonomy":"product_cat","embeddable":true,"href":"https:\/\/podo24.shop\/lt\/wp-json\/wp\/v2\/product_cat?post=397"},{"taxonomy":"product_tag","embeddable":true,"href":"https:\/\/podo24.shop\/lt\/wp-json\/wp\/v2\/product_tag?post=397"}],"curies":[{"name":"wp","href":"https:\/\/api.w.org\/{rel}","templated":true}]}}