{"id":367,"date":"2026-01-09T01:33:59","date_gmt":"2026-01-08T22:33:59","guid":{"rendered":"https:\/\/podo24.shop\/?post_type=product&#038;p=367"},"modified":"2026-01-09T01:40:38","modified_gmt":"2026-01-08T22:40:38","slug":"gehwol-sensitive-jalakreem-sugelevale-ja-punetavale-nahale","status":"publish","type":"product","link":"https:\/\/podo24.shop\/lt\/produktas\/gehwol-sensitive-jalakreem-sugelevale-ja-punetavale-nahale\/","title":{"rendered":"Gehwol Sensitive jalakreem s\u00fcgelevale ja punetavale nahale"},"content":{"rendered":"<p>Erihooldus tundlikule nahale.<\/p>\n<p>Tundlik nahk vajab erilist hoolt. S\u00fcgelus, p\u00f5letustunne ja punetus on tundliku naha tunnused, mis kipuvad p\u00f5letikuliseks muutuma. Looduslik nahat\u00f5ke on h\u00e4iritud. Bakterid, seened ja allergeenid suudavad nahka h\u00f5lpsamini tungida. Nahk on \u00e4rritunud ja reageerib \u00e4rritusega. See vajab regulaarset hooldust ja kaitset.Tundliku naha hooldus ja kaitse, mitte ainult jalgadele. GEHWOL med\u00c2\u00ae Sensitive pakub spetsiaalset nahahooldust koos kolmekordse aktiivkaitsega. Kreem kaitseb looduslikku nahabarj\u00e4\u00e4ri nahasarnaste keramiidide ja mandli\u00f5liga, niisutab nahka ja rikastab seda lipiidide (rasvade) abil. Kreem stabiliseerib naha vastupanuv\u00f5imet. K\u00f5rgelt puhastatud nanovaba mikroh\u00f5beda (MicroSilver BGTM) kasutamine taastab naha mikrofloora. H\u00f5be moodustab naha reljeefis hoiuseid ilma nahka tungimata. Sensitive kaitseb s\u00fcmptomite ja nakkuste eest. Kreem neutraliseerib bakterite liigset levikut. Naha s\u00fcgelus ja naha p\u00f5letamine leevendatakse ja punetus v\u00e4heneb. Preparaat ei sisalda parabeene, l\u00f5hnu, PEG-emulgaatoreid ega silikoon\u00f5lisid. GEHWOL med\u00c2\u00ae Sensitive sobib ka teraapiat toetavaks raviks neurodermatiidi, jala- ja k\u00fc\u00fcnte seente korral.<\/p>","protected":false},"excerpt":{"rendered":"<p><strong>75ml, 125ml, 500ml<\/strong><\/p>\n<p>Erihooldus tundlikule nahale.<\/p>","protected":false},"featured_media":444,"template":"","meta":[],"product_brand":[],"product_cat":[16],"product_tag":[],"class_list":{"0":"post-367","1":"product","2":"type-product","3":"status-publish","4":"has-post-thumbnail","6":"product_cat-misc","8":"first","9":"outofstock","10":"taxable","11":"shipping-taxable","12":"product-type-variable"},"_links":{"self":[{"href":"https:\/\/podo24.shop\/lt\/wp-json\/wp\/v2\/product\/367","targetHints":{"allow":["GET"]}}],"collection":[{"href":"https:\/\/podo24.shop\/lt\/wp-json\/wp\/v2\/product"}],"about":[{"href":"https:\/\/podo24.shop\/lt\/wp-json\/wp\/v2\/types\/product"}],"wp:featuredmedia":[{"embeddable":true,"href":"https:\/\/podo24.shop\/lt\/wp-json\/wp\/v2\/media\/444"}],"wp:attachment":[{"href":"https:\/\/podo24.shop\/lt\/wp-json\/wp\/v2\/media?parent=367"}],"wp:term":[{"taxonomy":"product_brand","embeddable":true,"href":"https:\/\/podo24.shop\/lt\/wp-json\/wp\/v2\/product_brand?post=367"},{"taxonomy":"product_cat","embeddable":true,"href":"https:\/\/podo24.shop\/lt\/wp-json\/wp\/v2\/product_cat?post=367"},{"taxonomy":"product_tag","embeddable":true,"href":"https:\/\/podo24.shop\/lt\/wp-json\/wp\/v2\/product_tag?post=367"}],"curies":[{"name":"wp","href":"https:\/\/api.w.org\/{rel}","templated":true}]}}