{"id":353,"date":"2026-01-09T01:33:00","date_gmt":"2026-01-08T22:33:00","guid":{"rendered":"https:\/\/podo24.shop\/?post_type=product&#038;p=353"},"modified":"2026-01-09T01:39:30","modified_gmt":"2026-01-08T22:39:30","slug":"gehwol-med-kaitsepliiats","status":"publish","type":"product","link":"https:\/\/podo24.shop\/lt\/produktas\/gehwol-med-kaitsepliiats\/","title":{"rendered":"Gehwol med kaitsepliiats"},"content":{"rendered":"<p>Pikaajaline k\u00fc\u00fcnte hooldus, t\u00f5hus kaitse seennakkuste vastu, muudab k\u00fc\u00fcned kauniks ja elastseks.<\/p>\n<p>GEHWOL med k\u00fc\u00fcnekaitse pliiats sisaldab jojoba\u00f5li, E-vitamiini atsetaati, bioaktiivset pantenooli ja bisabolooli. Toimeaine klotrimasool aitab ennetada seenhaiguste teket.Komplektis on 3 vahetatavat otsikut. Haprad ja kahjustatud k\u00fc\u00fcned muutuvad elastseks ning nende loomulik siidine l\u00e4ige taastub.<\/p>","protected":false},"excerpt":{"rendered":"<p><strong>3ml<\/strong><\/p>\n<p>Pikaajaline k\u00fc\u00fcnte hooldus, t\u00f5hus kaitse seennakkuste vastu, muudab k\u00fc\u00fcned kauniks ja elastseks.<\/p>","protected":false},"featured_media":435,"template":"","meta":[],"product_brand":[],"product_cat":[16],"product_tag":[],"class_list":{"0":"post-353","1":"product","2":"type-product","3":"status-publish","4":"has-post-thumbnail","6":"product_cat-misc","8":"first","9":"instock","10":"taxable","11":"shipping-taxable","12":"purchasable","13":"product-type-simple"},"_links":{"self":[{"href":"https:\/\/podo24.shop\/lt\/wp-json\/wp\/v2\/product\/353","targetHints":{"allow":["GET"]}}],"collection":[{"href":"https:\/\/podo24.shop\/lt\/wp-json\/wp\/v2\/product"}],"about":[{"href":"https:\/\/podo24.shop\/lt\/wp-json\/wp\/v2\/types\/product"}],"wp:featuredmedia":[{"embeddable":true,"href":"https:\/\/podo24.shop\/lt\/wp-json\/wp\/v2\/media\/435"}],"wp:attachment":[{"href":"https:\/\/podo24.shop\/lt\/wp-json\/wp\/v2\/media?parent=353"}],"wp:term":[{"taxonomy":"product_brand","embeddable":true,"href":"https:\/\/podo24.shop\/lt\/wp-json\/wp\/v2\/product_brand?post=353"},{"taxonomy":"product_cat","embeddable":true,"href":"https:\/\/podo24.shop\/lt\/wp-json\/wp\/v2\/product_cat?post=353"},{"taxonomy":"product_tag","embeddable":true,"href":"https:\/\/podo24.shop\/lt\/wp-json\/wp\/v2\/product_tag?post=353"}],"curies":[{"name":"wp","href":"https:\/\/api.w.org\/{rel}","templated":true}]}}