{"id":352,"date":"2026-01-09T01:33:00","date_gmt":"2026-01-08T22:33:00","guid":{"rendered":"https:\/\/podo24.shop\/?post_type=product&#038;p=352"},"modified":"2026-01-09T01:39:20","modified_gmt":"2026-01-08T22:39:20","slug":"gehwol-lipidro-kreem","status":"publish","type":"product","link":"https:\/\/podo24.shop\/lt\/produktas\/gehwol-lipidro-kreem\/","title":{"rendered":"Gehwol Lipidro kreem"},"content":{"rendered":"<p>Kreem kuivadele jalgadele. Taastab naha rasva ja vee suhte.<\/p>\n<p>GEHWOL med. LIPIDRO-kreem on optimaalseks hoolduseks kuivale, \u00f5rnale nahale pehmendades k\u00f5va nahka ja reguleerides selle \u00fclem\u00e4\u00e4rast teket.<\/p>\n<p>V\u00e4\u00e4rtuslikud koostisosad kompenseerivad lipiidi ja niiskuse puudulikkust ningsoodustavad naha loomulikku kaitse funktsiooni. Karbamiid seob naha s\u00fcgavamates kihtides vett. Astelpaju ja avokaado \u00f5li koos k\u00f5rgeltkontsentreeritud k\u00fcllastamata rasvhapetega v\u00e4hendavad vee kaotust aurumise t\u00f5ttu ja t\u00e4iendavad uuesti k\u00fcllastamata rasvhapetega. Seda funktsiooni on suurendatud l\u00e4bi spetsiaalse vetika ekstrakti.Allantoin, \u00fcks astelpaju osiseid, soodustab naha taasteket.<\/p>\n<p>Koostises on farneesool \u2014 komponent, millel on lai valik kasulikke omadusi.<br \/>\nDiabeetikutele sobilik<\/p>","protected":false},"excerpt":{"rendered":"<p><strong>40ml, 75ml, 125ml, 500ml<\/strong><\/p>\n<p>Kreem kuivadele jalgadele. Taastab naha rasva ja vee suhte.<\/p>","protected":false},"featured_media":429,"template":"","meta":[],"product_brand":[],"product_cat":[16],"product_tag":[],"class_list":{"0":"post-352","1":"product","2":"type-product","3":"status-publish","4":"has-post-thumbnail","6":"product_cat-misc","8":"first","9":"outofstock","10":"taxable","11":"shipping-taxable","12":"product-type-variable"},"_links":{"self":[{"href":"https:\/\/podo24.shop\/lt\/wp-json\/wp\/v2\/product\/352","targetHints":{"allow":["GET"]}}],"collection":[{"href":"https:\/\/podo24.shop\/lt\/wp-json\/wp\/v2\/product"}],"about":[{"href":"https:\/\/podo24.shop\/lt\/wp-json\/wp\/v2\/types\/product"}],"wp:featuredmedia":[{"embeddable":true,"href":"https:\/\/podo24.shop\/lt\/wp-json\/wp\/v2\/media\/429"}],"wp:attachment":[{"href":"https:\/\/podo24.shop\/lt\/wp-json\/wp\/v2\/media?parent=352"}],"wp:term":[{"taxonomy":"product_brand","embeddable":true,"href":"https:\/\/podo24.shop\/lt\/wp-json\/wp\/v2\/product_brand?post=352"},{"taxonomy":"product_cat","embeddable":true,"href":"https:\/\/podo24.shop\/lt\/wp-json\/wp\/v2\/product_cat?post=352"},{"taxonomy":"product_tag","embeddable":true,"href":"https:\/\/podo24.shop\/lt\/wp-json\/wp\/v2\/product_tag?post=352"}],"curies":[{"name":"wp","href":"https:\/\/api.w.org\/{rel}","templated":true}]}}