{"id":326,"date":"2026-01-09T01:32:27","date_gmt":"2026-01-08T22:32:27","guid":{"rendered":"https:\/\/podo24.shop\/?post_type=product&#038;p=326"},"modified":"2026-01-09T01:34:05","modified_gmt":"2026-01-08T22:34:05","slug":"gehwol-kuunehooldus","status":"publish","type":"product","link":"https:\/\/podo24.shop\/lt\/produktas\/gehwol-kuunehooldus\/","title":{"rendered":"Gehwol k\u00fc\u00fcnehooldus"},"content":{"rendered":"<p>Hapratele s\u00f5rme- ja varbak\u00fc\u00fcntele ning k\u00fc\u00fcnem\u00fckoosi ettevalmistava ravi toetamiseks. Soodustab k\u00fc\u00fcnte kasvu.<\/p>\n<p>GEHWOL Nailcare sisaldab suures koguses nisuidu\u00f5li koos E-vitamiini ja teiste ehitusainetega. Lisaks sisaldab see kummeli eeterliku \u00f5li toimeaineid lahuses, millel on optimaalne hoog ja hajutav toime. Haprate s\u00f5rme- ja varbak\u00fc\u00fcnte raviks ning tervisliku kasvu soodustamiseks. H\u00f5\u00f5ruge oma k\u00fc\u00fcntele ja \u00fcmbritsevatele nahapiirkondadele iga p\u00e4ev GEHWOL Nailcare&#8217;i.<\/p>","protected":false},"excerpt":{"rendered":"<p><strong>15ml<\/strong><\/p>\n<p>Hapratele s\u00f5rme- ja varbak\u00fc\u00fcntele ning k\u00fc\u00fcnem\u00fckoosi ettevalmistava ravi toetamiseks. Soodustab k\u00fc\u00fcnte kasvu.<\/p>","protected":false},"featured_media":372,"template":"","meta":[],"product_brand":[],"product_cat":[16],"product_tag":[],"class_list":{"0":"post-326","1":"product","2":"type-product","3":"status-publish","4":"has-post-thumbnail","6":"product_cat-misc","8":"first","9":"instock","10":"taxable","11":"shipping-taxable","12":"purchasable","13":"product-type-simple"},"_links":{"self":[{"href":"https:\/\/podo24.shop\/lt\/wp-json\/wp\/v2\/product\/326","targetHints":{"allow":["GET"]}}],"collection":[{"href":"https:\/\/podo24.shop\/lt\/wp-json\/wp\/v2\/product"}],"about":[{"href":"https:\/\/podo24.shop\/lt\/wp-json\/wp\/v2\/types\/product"}],"wp:featuredmedia":[{"embeddable":true,"href":"https:\/\/podo24.shop\/lt\/wp-json\/wp\/v2\/media\/372"}],"wp:attachment":[{"href":"https:\/\/podo24.shop\/lt\/wp-json\/wp\/v2\/media?parent=326"}],"wp:term":[{"taxonomy":"product_brand","embeddable":true,"href":"https:\/\/podo24.shop\/lt\/wp-json\/wp\/v2\/product_brand?post=326"},{"taxonomy":"product_cat","embeddable":true,"href":"https:\/\/podo24.shop\/lt\/wp-json\/wp\/v2\/product_cat?post=326"},{"taxonomy":"product_tag","embeddable":true,"href":"https:\/\/podo24.shop\/lt\/wp-json\/wp\/v2\/product_tag?post=326"}],"curies":[{"name":"wp","href":"https:\/\/api.w.org\/{rel}","templated":true}]}}