{"id":322,"date":"2026-01-09T01:32:27","date_gmt":"2026-01-08T22:32:27","guid":{"rendered":"https:\/\/podo24.shop\/?post_type=product&#038;p=322"},"modified":"2026-01-09T01:33:34","modified_gmt":"2026-01-08T22:33:34","slug":"gehwol-foot-shoe-deodorant","status":"publish","type":"product","link":"https:\/\/podo24.shop\/lt\/produktas\/gehwol-foot-shoe-deodorant\/","title":{"rendered":"Gehwol Foot + Shoe Deodorant"},"content":{"rendered":"<p>H\u00fcgieenilise v\u00e4rskuse tagamiseks.<\/p>\n<p>GEHWOL Foot + Shoe Deodorant igap\u00e4evaseks jalahoolduseks. Ideaalne sportimiseks ja liikvel olles. Tsinkritsinoleaat hoiab \u00e4ra ja eemaldab higi ja l\u00f5hna jalgadel ja kingadel. Meeldiv l\u00f5hn annab enesekindlust. Antimikroobsed toimeained kaitsevad seennakkuste eest hotellitubades, vannis, saunas ja jalan\u00f5ude proovimisel. Pihusta ka jalatsitesse.<\/p>","protected":false},"excerpt":{"rendered":"<p><strong>150ml<\/strong><\/p>\n<p>H\u00fcgieenilise v\u00e4rskuse tagamiseks.<\/p>","protected":false},"featured_media":362,"template":"","meta":[],"product_brand":[],"product_cat":[16],"product_tag":[],"class_list":{"0":"post-322","1":"product","2":"type-product","3":"status-publish","4":"has-post-thumbnail","6":"product_cat-misc","8":"first","9":"instock","10":"taxable","11":"shipping-taxable","12":"purchasable","13":"product-type-simple"},"_links":{"self":[{"href":"https:\/\/podo24.shop\/lt\/wp-json\/wp\/v2\/product\/322","targetHints":{"allow":["GET"]}}],"collection":[{"href":"https:\/\/podo24.shop\/lt\/wp-json\/wp\/v2\/product"}],"about":[{"href":"https:\/\/podo24.shop\/lt\/wp-json\/wp\/v2\/types\/product"}],"wp:featuredmedia":[{"embeddable":true,"href":"https:\/\/podo24.shop\/lt\/wp-json\/wp\/v2\/media\/362"}],"wp:attachment":[{"href":"https:\/\/podo24.shop\/lt\/wp-json\/wp\/v2\/media?parent=322"}],"wp:term":[{"taxonomy":"product_brand","embeddable":true,"href":"https:\/\/podo24.shop\/lt\/wp-json\/wp\/v2\/product_brand?post=322"},{"taxonomy":"product_cat","embeddable":true,"href":"https:\/\/podo24.shop\/lt\/wp-json\/wp\/v2\/product_cat?post=322"},{"taxonomy":"product_tag","embeddable":true,"href":"https:\/\/podo24.shop\/lt\/wp-json\/wp\/v2\/product_tag?post=322"}],"curies":[{"name":"wp","href":"https:\/\/api.w.org\/{rel}","templated":true}]}}