{"id":320,"date":"2026-01-09T01:32:27","date_gmt":"2026-01-08T22:32:27","guid":{"rendered":"https:\/\/podo24.shop\/?post_type=product&#038;p=320"},"modified":"2026-01-09T01:33:25","modified_gmt":"2026-01-08T22:33:25","slug":"gehwol-extra","status":"publish","type":"product","link":"https:\/\/podo24.shop\/lt\/produktas\/gehwol-extra\/","title":{"rendered":"GEHWOL Extra"},"content":{"rendered":"<p>GEHWOL EXTRA toidab ja tugevdab intensiivselt stressis jalgu. Jalade nahk desodoreeritakse ja desinfitseeritakse. GEHWOL EXTRA kaitseb valutavate jalgade, infektsioonide, jalal\u00f5hna, nahap\u00f5letike, haavandite ja villide eest ning muudab kuiva ja kareda naha siledaks. Looduslikud GEHWOL EXTRA \u00f5lid eukal\u00fcptist, rosmariinist, lavendlist ja t\u00fc\u00fcmianist taaselustavad teie jalgu ja suurendavad nende j\u00f5udlust. GEHWOL EXTRA stimuleerib vereringet ning kaitseb jalgade k\u00fclma ja m\u00e4rgade eest.<\/p>","protected":false},"excerpt":{"rendered":"<p><strong>75ml<\/strong><\/p>\n<p>Laia toimespektriga universaalne jalakreem. Igap\u00e4evaseks intensiivraviks.<\/p>","protected":false},"featured_media":358,"template":"","meta":[],"product_brand":[],"product_cat":[16],"product_tag":[],"class_list":{"0":"post-320","1":"product","2":"type-product","3":"status-publish","4":"has-post-thumbnail","6":"product_cat-misc","8":"first","9":"instock","10":"taxable","11":"shipping-taxable","12":"purchasable","13":"product-type-simple"},"_links":{"self":[{"href":"https:\/\/podo24.shop\/lt\/wp-json\/wp\/v2\/product\/320","targetHints":{"allow":["GET"]}}],"collection":[{"href":"https:\/\/podo24.shop\/lt\/wp-json\/wp\/v2\/product"}],"about":[{"href":"https:\/\/podo24.shop\/lt\/wp-json\/wp\/v2\/types\/product"}],"wp:featuredmedia":[{"embeddable":true,"href":"https:\/\/podo24.shop\/lt\/wp-json\/wp\/v2\/media\/358"}],"wp:attachment":[{"href":"https:\/\/podo24.shop\/lt\/wp-json\/wp\/v2\/media?parent=320"}],"wp:term":[{"taxonomy":"product_brand","embeddable":true,"href":"https:\/\/podo24.shop\/lt\/wp-json\/wp\/v2\/product_brand?post=320"},{"taxonomy":"product_cat","embeddable":true,"href":"https:\/\/podo24.shop\/lt\/wp-json\/wp\/v2\/product_cat?post=320"},{"taxonomy":"product_tag","embeddable":true,"href":"https:\/\/podo24.shop\/lt\/wp-json\/wp\/v2\/product_tag?post=320"}],"curies":[{"name":"wp","href":"https:\/\/api.w.org\/{rel}","templated":true}]}}