{"id":315,"date":"2026-01-09T01:32:26","date_gmt":"2026-01-08T22:32:26","guid":{"rendered":"https:\/\/podo24.shop\/?post_type=product&#038;p=315"},"modified":"2026-01-09T01:32:37","modified_gmt":"2026-01-08T22:32:37","slug":"gehwol-palsam-normaalsele-nahale","status":"publish","type":"product","link":"https:\/\/podo24.shop\/lt\/produktas\/gehwol-palsam-normaalsele-nahale\/","title":{"rendered":"Gehwol palsam normaalsele nahale"},"content":{"rendered":"<p><strong>V\u00e4rskendav, kosutav jalapalsam. Rahustava, desodoreeriva toimega; aitab v\u00e4ltida nakkusi.<\/strong><\/p>\n<p>Jahutav mentool ning rosmariini- ja lavendli\u00f5list p\u00e4rinevad looduslikud \u00f5lid v\u00e4rskendavad ja taaselustavad. Valutavad jalad ja v\u00e4simuse m\u00e4rgid kaovad koheselt. Elustab v\u00e4sinud ja valutavaid jalgu. L\u00e4biproovitud antimikroobsed ained pakuvad pikaajalist kaitset jalal\u00f5hna eest, pakuvad t\u00f5husat kaitsemeetodit infektsioonide eest ja hoiavad jalad h\u00fcgieeniliselt v\u00e4rskena. Nahas\u00f5bralikud ained, nagu jojoba\u00f5li ja aloe vera, muudavad teie naha siledaks, elastseks ja vastupidavaks. GEHWOL palsam normaalsele nahale imendub kiiresti ja j\u00e4tab teile meeldiva h\u00e4sti hooldatud naha tunde.<\/p>","protected":false},"excerpt":{"rendered":"<p><strong>75ml, 125ml<\/strong><\/p>\n<p>V\u00e4rskendav, kosutav jalapalsam. Rahustava, desodoreeriva toimega; aitab v\u00e4ltida nakkusi.<\/p>","protected":false},"featured_media":345,"template":"","meta":[],"product_brand":[],"product_cat":[16],"product_tag":[],"class_list":{"0":"post-315","1":"product","2":"type-product","3":"status-publish","4":"has-post-thumbnail","6":"product_cat-misc","8":"first","9":"outofstock","10":"taxable","11":"shipping-taxable","12":"product-type-variable"},"_links":{"self":[{"href":"https:\/\/podo24.shop\/lt\/wp-json\/wp\/v2\/product\/315","targetHints":{"allow":["GET"]}}],"collection":[{"href":"https:\/\/podo24.shop\/lt\/wp-json\/wp\/v2\/product"}],"about":[{"href":"https:\/\/podo24.shop\/lt\/wp-json\/wp\/v2\/types\/product"}],"wp:featuredmedia":[{"embeddable":true,"href":"https:\/\/podo24.shop\/lt\/wp-json\/wp\/v2\/media\/345"}],"wp:attachment":[{"href":"https:\/\/podo24.shop\/lt\/wp-json\/wp\/v2\/media?parent=315"}],"wp:term":[{"taxonomy":"product_brand","embeddable":true,"href":"https:\/\/podo24.shop\/lt\/wp-json\/wp\/v2\/product_brand?post=315"},{"taxonomy":"product_cat","embeddable":true,"href":"https:\/\/podo24.shop\/lt\/wp-json\/wp\/v2\/product_cat?post=315"},{"taxonomy":"product_tag","embeddable":true,"href":"https:\/\/podo24.shop\/lt\/wp-json\/wp\/v2\/product_tag?post=315"}],"curies":[{"name":"wp","href":"https:\/\/api.w.org\/{rel}","templated":true}]}}