{"id":626,"date":"2026-01-09T01:47:34","date_gmt":"2026-01-08T22:47:34","guid":{"rendered":"https:\/\/podo24.shop\/?post_type=product&#038;p=626"},"modified":"2026-01-14T18:35:06","modified_gmt":"2026-01-14T15:35:06","slug":"gehwol-fusskraft-leg-vitality","status":"publish","type":"product","link":"https:\/\/podo24.shop\/fi\/tuote\/gehwol-fusskraft-leg-vitality\/","title":{"rendered":"Gehwol Fusskraft Leg Vitality"},"content":{"rendered":"<p>Annab rasketele, stressis jalgadele uuesti energiat ja elavdab v\u00e4sinud jalgu.<\/p>\n<p>LEG VITALITY CREAM avokaado ja vetikatega annab energiat rasketele, stressis jalgadele ja taaselustab v\u00e4sinud jalgu.\u2022 Mitterasvane, kiiresti imenduv niisutav kreem.\u2022 E-vitamiini atsetaadiga valem hoiab \u00e4ra naha enneaegse vananemise, j\u00e4ttes naha siledaks ja elastseks\u2022 N\u00f5iapuu ja bisabolool annavad nahka rahustava, pinguldava ja \u00e4rritust leevendava toime\u2022 Farnesol desodoreerib ja kaitseb jalaseene eestN\u00e4pun\u00e4ide: kerge jalamassaa\u017e soodustab kosutavat m\u00f5ju.<\/p>","protected":false},"excerpt":{"rendered":"<p><strong>125ml, 500ml<\/strong><\/p>\n<p>Annab rasketele, stressis jalgadele uuesti energiat ja elavdab v\u00e4sinud jalgu.<\/p>","protected":false},"featured_media":638,"template":"","meta":[],"product_brand":[],"product_cat":[16],"product_tag":[],"class_list":{"0":"post-626","1":"product","2":"type-product","3":"status-publish","4":"has-post-thumbnail","6":"product_cat-misc","7":"pa_maht-125ml","8":"pa_maht-500ml","10":"first","11":"instock","12":"taxable","13":"shipping-taxable","14":"purchasable","15":"product-type-variable"},"_links":{"self":[{"href":"https:\/\/podo24.shop\/fi\/wp-json\/wp\/v2\/product\/626","targetHints":{"allow":["GET"]}}],"collection":[{"href":"https:\/\/podo24.shop\/fi\/wp-json\/wp\/v2\/product"}],"about":[{"href":"https:\/\/podo24.shop\/fi\/wp-json\/wp\/v2\/types\/product"}],"wp:featuredmedia":[{"embeddable":true,"href":"https:\/\/podo24.shop\/fi\/wp-json\/wp\/v2\/media\/638"}],"wp:attachment":[{"href":"https:\/\/podo24.shop\/fi\/wp-json\/wp\/v2\/media?parent=626"}],"wp:term":[{"taxonomy":"product_brand","embeddable":true,"href":"https:\/\/podo24.shop\/fi\/wp-json\/wp\/v2\/product_brand?post=626"},{"taxonomy":"product_cat","embeddable":true,"href":"https:\/\/podo24.shop\/fi\/wp-json\/wp\/v2\/product_cat?post=626"},{"taxonomy":"product_tag","embeddable":true,"href":"https:\/\/podo24.shop\/fi\/wp-json\/wp\/v2\/product_tag?post=626"}],"curies":[{"name":"wp","href":"https:\/\/api.w.org\/{rel}","templated":true}]}}