{"id":485,"date":"2026-01-09T01:43:15","date_gmt":"2026-01-08T22:43:15","guid":{"rendered":"https:\/\/podo24.shop\/?post_type=product&#038;p=485"},"modified":"2026-01-09T01:46:25","modified_gmt":"2026-01-08T22:46:25","slug":"gehwol-vaikese-varbapadja-padi-g","status":"publish","type":"product","link":"https:\/\/podo24.shop\/fi\/tuote\/gehwol-vaikese-varbapadja-padi-g\/","title":{"rendered":"Gehwol v\u00e4ikese varbapadja padi G"},"content":{"rendered":"<p>Nahas\u00f5bralik, pehme, v\u00e4ga elastne pol\u00fcmeerne geelpadi<\/p>\n<p>Pehme \u00fclielastne padi lihtsustab k\u00f5ndimist v\u00e4ikeste varvaste valulike pallidega, nt. kui kantakse kitsaid kingi. See pakub kaitset ja mugavust. Seda kantakse suka all.<\/p>","protected":false},"excerpt":{"rendered":"<p><strong>1tk\/pakis<\/strong><\/p>\n<p>Nahas\u00f5bralik, pehme, v\u00e4ga elastne pol\u00fcmeerne geelpadi<\/p>","protected":false},"featured_media":559,"template":"","meta":[],"product_brand":[],"product_cat":[16],"product_tag":[],"class_list":{"0":"post-485","1":"product","2":"type-product","3":"status-publish","4":"has-post-thumbnail","6":"product_cat-misc","8":"first","9":"instock","10":"taxable","11":"shipping-taxable","12":"purchasable","13":"product-type-simple"},"_links":{"self":[{"href":"https:\/\/podo24.shop\/fi\/wp-json\/wp\/v2\/product\/485","targetHints":{"allow":["GET"]}}],"collection":[{"href":"https:\/\/podo24.shop\/fi\/wp-json\/wp\/v2\/product"}],"about":[{"href":"https:\/\/podo24.shop\/fi\/wp-json\/wp\/v2\/types\/product"}],"wp:featuredmedia":[{"embeddable":true,"href":"https:\/\/podo24.shop\/fi\/wp-json\/wp\/v2\/media\/559"}],"wp:attachment":[{"href":"https:\/\/podo24.shop\/fi\/wp-json\/wp\/v2\/media?parent=485"}],"wp:term":[{"taxonomy":"product_brand","embeddable":true,"href":"https:\/\/podo24.shop\/fi\/wp-json\/wp\/v2\/product_brand?post=485"},{"taxonomy":"product_cat","embeddable":true,"href":"https:\/\/podo24.shop\/fi\/wp-json\/wp\/v2\/product_cat?post=485"},{"taxonomy":"product_tag","embeddable":true,"href":"https:\/\/podo24.shop\/fi\/wp-json\/wp\/v2\/product_tag?post=485"}],"curies":[{"name":"wp","href":"https:\/\/api.w.org\/{rel}","templated":true}]}}