{"id":404,"date":"2026-01-09T01:36:52","date_gmt":"2026-01-08T22:36:52","guid":{"rendered":"https:\/\/podo24.shop\/?post_type=product&#038;p=404"},"modified":"2026-01-09T01:44:06","modified_gmt":"2026-01-08T22:44:06","slug":"gehwol-fusskraft-pehme-jalakreem","status":"publish","type":"product","link":"https:\/\/podo24.shop\/fi\/tuote\/gehwol-fusskraft-pehme-jalakreem\/","title":{"rendered":"Gehwol Fusskraft pehme jalakreem"},"content":{"rendered":"<p>Piim ja mesi h\u00e4sti hooldatud jalgadele ja s\u00e4\u00e4rtele.<\/p>\n<p>GEHWOL FUSSKRAFT Soft Feet Cream \u00f5rnalt hooldav p\u00f5hi sisaldab vitamiinirikast avokaado\u00f5li ja teisi v\u00e4\u00e4rtuslikke lipiide. Spetsiaalne s\u00fcgavatoimeline h\u00fcaluroon imendub nahka, toetades selle taastumist ja tugevdades naha enda kaitsev\u00f5imet. H\u00fcaluroon seob koos karbamiidiga niiskust ka s\u00fcgavamates kihtides ja kaitseb kalluse tekke eest. Piimapeptiidid ja meeekstrakt muudavad naha m\u00e4rgatavalt elastsemaks ja silmn\u00e4htavalt siledamaks. GEHWOL FUSSKRAFT Soft Feet Cream on niisutav jala- ja jalakreem, mis imendub kergesti ja j\u00e4tab maha siidiselt pehme naha tunde. Meeldiv v\u00e4rskendav l\u00f5hn annab teile h\u00e4sti hooldatud jalgade turvalisuse.<\/p>","protected":false},"excerpt":{"rendered":"<p><strong>40ml, 125ml, 500ml<\/strong><\/p>\n<p>Piim ja mesi h\u00e4sti hooldatud jalgadele ja s\u00e4\u00e4rtele.<\/p>","protected":false},"featured_media":492,"template":"","meta":[],"product_brand":[],"product_cat":[16],"product_tag":[],"class_list":{"0":"post-404","1":"product","2":"type-product","3":"status-publish","4":"has-post-thumbnail","6":"product_cat-misc","8":"first","9":"outofstock","10":"taxable","11":"shipping-taxable","12":"product-type-variable"},"_links":{"self":[{"href":"https:\/\/podo24.shop\/fi\/wp-json\/wp\/v2\/product\/404","targetHints":{"allow":["GET"]}}],"collection":[{"href":"https:\/\/podo24.shop\/fi\/wp-json\/wp\/v2\/product"}],"about":[{"href":"https:\/\/podo24.shop\/fi\/wp-json\/wp\/v2\/types\/product"}],"wp:featuredmedia":[{"embeddable":true,"href":"https:\/\/podo24.shop\/fi\/wp-json\/wp\/v2\/media\/492"}],"wp:attachment":[{"href":"https:\/\/podo24.shop\/fi\/wp-json\/wp\/v2\/media?parent=404"}],"wp:term":[{"taxonomy":"product_brand","embeddable":true,"href":"https:\/\/podo24.shop\/fi\/wp-json\/wp\/v2\/product_brand?post=404"},{"taxonomy":"product_cat","embeddable":true,"href":"https:\/\/podo24.shop\/fi\/wp-json\/wp\/v2\/product_cat?post=404"},{"taxonomy":"product_tag","embeddable":true,"href":"https:\/\/podo24.shop\/fi\/wp-json\/wp\/v2\/product_tag?post=404"}],"curies":[{"name":"wp","href":"https:\/\/api.w.org\/{rel}","templated":true}]}}