{"id":392,"date":"2026-01-09T01:35:55","date_gmt":"2026-01-08T22:35:55","guid":{"rendered":"https:\/\/podo24.shop\/?post_type=product&#038;p=392"},"modified":"2026-01-09T01:42:58","modified_gmt":"2026-01-08T22:42:58","slug":"gehwol-fusskraft-soojendav-vann","status":"publish","type":"product","link":"https:\/\/podo24.shop\/fi\/tuote\/gehwol-fusskraft-soojendav-vann\/","title":{"rendered":"Gehwol Fusskraft soojendav vann"},"content":{"rendered":"<p>Jalavanni kontsentraat hinnaliste taimeekstraktidega. Vitaliseerib ja soojendab p\u00f5hjalikult jalgu ja jalgu.<\/p>\n<p>GEHWOL FUSSKRAFT soojendav vannikontsentraat sisaldab rosmariini ja paprika looduslikke ekstrakte ning elut\u00e4htsa E-vitamiini ja B-r\u00fchma vitamiini kombinatsiooni. K\u00f5ik toimeained imenduvad kiiresti nahka ja annavad jalgadele spontaanse ja kauakestva meeldiva sooja tunde. Stimuleerib ainevahetust. Hoiab \u00e4ra niiskuse kadumise ja hoiab seega jalad siledad ja elastsed. Jalavanni kontsentraat on \u00f6konoomne kasutada ja biolagunev.<\/p>","protected":false},"excerpt":{"rendered":"<p><strong>150ml<\/strong><\/p>\n<p>Jalavanni kontsentraat hinnaliste taimeekstraktidega. Vitaliseerib ja soojendab p\u00f5hjalikult jalgu ja jalgu.<\/p>","protected":false},"featured_media":479,"template":"","meta":[],"product_brand":[],"product_cat":[16],"product_tag":[],"class_list":{"0":"post-392","1":"product","2":"type-product","3":"status-publish","4":"has-post-thumbnail","6":"product_cat-misc","8":"first","9":"instock","10":"taxable","11":"shipping-taxable","12":"purchasable","13":"product-type-simple"},"_links":{"self":[{"href":"https:\/\/podo24.shop\/fi\/wp-json\/wp\/v2\/product\/392","targetHints":{"allow":["GET"]}}],"collection":[{"href":"https:\/\/podo24.shop\/fi\/wp-json\/wp\/v2\/product"}],"about":[{"href":"https:\/\/podo24.shop\/fi\/wp-json\/wp\/v2\/types\/product"}],"wp:featuredmedia":[{"embeddable":true,"href":"https:\/\/podo24.shop\/fi\/wp-json\/wp\/v2\/media\/479"}],"wp:attachment":[{"href":"https:\/\/podo24.shop\/fi\/wp-json\/wp\/v2\/media?parent=392"}],"wp:term":[{"taxonomy":"product_brand","embeddable":true,"href":"https:\/\/podo24.shop\/fi\/wp-json\/wp\/v2\/product_brand?post=392"},{"taxonomy":"product_cat","embeddable":true,"href":"https:\/\/podo24.shop\/fi\/wp-json\/wp\/v2\/product_cat?post=392"},{"taxonomy":"product_tag","embeddable":true,"href":"https:\/\/podo24.shop\/fi\/wp-json\/wp\/v2\/product_tag?post=392"}],"curies":[{"name":"wp","href":"https:\/\/api.w.org\/{rel}","templated":true}]}}