{"id":386,"date":"2026-01-09T01:35:00","date_gmt":"2026-01-08T22:35:00","guid":{"rendered":"https:\/\/podo24.shop\/?post_type=product&#038;p=386"},"modified":"2026-01-09T01:42:52","modified_gmt":"2026-01-08T22:42:52","slug":"gehwol-fusskraft-taastav-kreem","status":"publish","type":"product","link":"https:\/\/podo24.shop\/fi\/tuote\/gehwol-fusskraft-taastav-kreem\/","title":{"rendered":"Gehwol Fusskraft taastav kreem"},"content":{"rendered":"<p>Nahabarj\u00e4\u00e4ri s\u00fcgavtoimeline regenereerimine.<\/p>\n<p>Taimse letsitiiniga REPAIR CREAM pakub rikkalikku intensiivhooldust v\u00e4ga kuivale ja kahjustatud nahale.\u2022 Kiiresti imenduv, toetades toimeainete imendumist\u2022 Nahasarnane valem toetab ainevahetust nahabarj\u00e4\u00e4ris\u2022 Ohaka- ja \u00f5htupriimula\u00f5li varustavad nahka asendamatute (k\u00fcllastumata) rasvhapetega\u2022 Pantenool, gl\u00fctseriin ja E-vitamiin suurendavad naha niiskussisaldust<\/p>","protected":false},"excerpt":{"rendered":"<p><strong>75ml, 125ml, 500ml<\/strong><\/p>\n<p>Nahabarj\u00e4\u00e4ri s\u00fcgavtoimeline regenereerimine.<\/p>","protected":false},"featured_media":476,"template":"","meta":[],"product_brand":[],"product_cat":[16],"product_tag":[],"class_list":{"0":"post-386","1":"product","2":"type-product","3":"status-publish","4":"has-post-thumbnail","6":"product_cat-misc","8":"first","9":"outofstock","10":"taxable","11":"shipping-taxable","12":"product-type-variable"},"_links":{"self":[{"href":"https:\/\/podo24.shop\/fi\/wp-json\/wp\/v2\/product\/386","targetHints":{"allow":["GET"]}}],"collection":[{"href":"https:\/\/podo24.shop\/fi\/wp-json\/wp\/v2\/product"}],"about":[{"href":"https:\/\/podo24.shop\/fi\/wp-json\/wp\/v2\/types\/product"}],"wp:featuredmedia":[{"embeddable":true,"href":"https:\/\/podo24.shop\/fi\/wp-json\/wp\/v2\/media\/476"}],"wp:attachment":[{"href":"https:\/\/podo24.shop\/fi\/wp-json\/wp\/v2\/media?parent=386"}],"wp:term":[{"taxonomy":"product_brand","embeddable":true,"href":"https:\/\/podo24.shop\/fi\/wp-json\/wp\/v2\/product_brand?post=386"},{"taxonomy":"product_cat","embeddable":true,"href":"https:\/\/podo24.shop\/fi\/wp-json\/wp\/v2\/product_cat?post=386"},{"taxonomy":"product_tag","embeddable":true,"href":"https:\/\/podo24.shop\/fi\/wp-json\/wp\/v2\/product_tag?post=386"}],"curies":[{"name":"wp","href":"https:\/\/api.w.org\/{rel}","templated":true}]}}