{"id":371,"date":"2026-01-09T01:33:59","date_gmt":"2026-01-08T22:33:59","guid":{"rendered":"https:\/\/podo24.shop\/?post_type=product&#038;p=371"},"modified":"2026-01-09T01:42:13","modified_gmt":"2026-01-08T22:42:13","slug":"gehwol-fusskraft-hydrolipid-lotion","status":"publish","type":"product","link":"https:\/\/podo24.shop\/fi\/tuote\/gehwol-fusskraft-hydrolipid-lotion\/","title":{"rendered":"Gehwol Fusskraft Hydrolipid-Lotion"},"content":{"rendered":"<p>Niisutab intensiivselt kuiva nahka<\/p>\n<p>HYDRO LIPID LOTION 10% uureaga niisutab intensiivselt kuiva nahka.\u2022 Kergesti jaotuv ja kiiresti imenduv\u2022 Gl\u00fctseriin ja uurea seovad niiskust isegi s\u00fcgavamates nahakihtides\u2022 Kaera-, avokaado- ja jojoba\u00f5li v\u00e4hendavad m\u00e4rgatavalt naha kuivuse m\u00e4rke ja pigistustunnet\u2022 Keramiidid tugevdavad loomulikku nahabarj\u00e4\u00e4ri\u2022 Farnesol desodoreerib t\u00f5husalt ja kaitseb jalaseene eest<\/p>","protected":false},"excerpt":{"rendered":"<p><strong>125ml, 500ml<\/strong><\/p>\n<p>Niisutab intensiivselt kuiva nahka<\/p>","protected":false},"featured_media":460,"template":"","meta":[],"product_brand":[],"product_cat":[16],"product_tag":[],"class_list":{"0":"post-371","1":"product","2":"type-product","3":"status-publish","4":"has-post-thumbnail","6":"product_cat-misc","8":"first","9":"outofstock","10":"taxable","11":"shipping-taxable","12":"product-type-variable"},"_links":{"self":[{"href":"https:\/\/podo24.shop\/fi\/wp-json\/wp\/v2\/product\/371","targetHints":{"allow":["GET"]}}],"collection":[{"href":"https:\/\/podo24.shop\/fi\/wp-json\/wp\/v2\/product"}],"about":[{"href":"https:\/\/podo24.shop\/fi\/wp-json\/wp\/v2\/types\/product"}],"wp:featuredmedia":[{"embeddable":true,"href":"https:\/\/podo24.shop\/fi\/wp-json\/wp\/v2\/media\/460"}],"wp:attachment":[{"href":"https:\/\/podo24.shop\/fi\/wp-json\/wp\/v2\/media?parent=371"}],"wp:term":[{"taxonomy":"product_brand","embeddable":true,"href":"https:\/\/podo24.shop\/fi\/wp-json\/wp\/v2\/product_brand?post=371"},{"taxonomy":"product_cat","embeddable":true,"href":"https:\/\/podo24.shop\/fi\/wp-json\/wp\/v2\/product_cat?post=371"},{"taxonomy":"product_tag","embeddable":true,"href":"https:\/\/podo24.shop\/fi\/wp-json\/wp\/v2\/product_tag?post=371"}],"curies":[{"name":"wp","href":"https:\/\/api.w.org\/{rel}","templated":true}]}}