{"id":368,"date":"2026-01-09T01:33:59","date_gmt":"2026-01-08T22:33:59","guid":{"rendered":"https:\/\/podo24.shop\/?post_type=product&#038;p=368"},"modified":"2026-01-09T01:40:54","modified_gmt":"2026-01-08T22:40:54","slug":"gehwol-fusskraft-hooldav-kreem-endine-green","status":"publish","type":"product","link":"https:\/\/podo24.shop\/fi\/tuote\/gehwol-fusskraft-hooldav-kreem-endine-green\/","title":{"rendered":"Gehwol Fusskraft hooldav kreem (endine &#171;Green&#187;)"},"content":{"rendered":"<p>Toidab jalgu ja t\u00f5rjub jalgade l\u00f5hna.<\/p>\n<p>Kergelt rasvane kreem v\u00e4sinud, kurnatud ja valutavate jalgade v\u00e4rskendamiseks ja tugevdamiseks. Sisaldab mentooli, kamprit ja eeterlikke \u00f5lisid. Efektiivne higistamise normaliseerimiseks, deodoreeriv.<\/p>","protected":false},"excerpt":{"rendered":"<p><strong>75ml, 125ml, 500ml<\/strong><\/p>\n<p>Toidab jalgu ja t\u00f5rjub jalgade l\u00f5hna.<\/p>","protected":false},"featured_media":448,"template":"","meta":[],"product_brand":[],"product_cat":[16],"product_tag":[],"class_list":{"0":"post-368","1":"product","2":"type-product","3":"status-publish","4":"has-post-thumbnail","6":"product_cat-misc","8":"first","9":"outofstock","10":"taxable","11":"shipping-taxable","12":"product-type-variable"},"_links":{"self":[{"href":"https:\/\/podo24.shop\/fi\/wp-json\/wp\/v2\/product\/368","targetHints":{"allow":["GET"]}}],"collection":[{"href":"https:\/\/podo24.shop\/fi\/wp-json\/wp\/v2\/product"}],"about":[{"href":"https:\/\/podo24.shop\/fi\/wp-json\/wp\/v2\/types\/product"}],"wp:featuredmedia":[{"embeddable":true,"href":"https:\/\/podo24.shop\/fi\/wp-json\/wp\/v2\/media\/448"}],"wp:attachment":[{"href":"https:\/\/podo24.shop\/fi\/wp-json\/wp\/v2\/media?parent=368"}],"wp:term":[{"taxonomy":"product_brand","embeddable":true,"href":"https:\/\/podo24.shop\/fi\/wp-json\/wp\/v2\/product_brand?post=368"},{"taxonomy":"product_cat","embeddable":true,"href":"https:\/\/podo24.shop\/fi\/wp-json\/wp\/v2\/product_cat?post=368"},{"taxonomy":"product_tag","embeddable":true,"href":"https:\/\/podo24.shop\/fi\/wp-json\/wp\/v2\/product_tag?post=368"}],"curies":[{"name":"wp","href":"https:\/\/api.w.org\/{rel}","templated":true}]}}