{"id":341,"date":"2026-01-09T01:32:28","date_gmt":"2026-01-08T22:32:28","guid":{"rendered":"https:\/\/podo24.shop\/?post_type=product&#038;p=341"},"modified":"2026-01-09T01:37:47","modified_gmt":"2026-01-08T22:37:47","slug":"gehwol-med-kuunepehmendaja","status":"publish","type":"product","link":"https:\/\/podo24.shop\/fi\/tuote\/gehwol-med-kuunepehmendaja\/","title":{"rendered":"Gehwol med k\u00fc\u00fcnepehmendaja"},"content":{"rendered":"<p>Pehmendav jalahooldus sissekasvanud k\u00fc\u00fcntele ja k\u00f5vaks muutunud nahale<\/p>\n<p>K\u00fc\u00fcnepehmendaja hoiab \u00e4ra k\u00fc\u00fcne lihasse sisse kasvamist ja leevendab k\u00fc\u00fcne survest tekkivat valu. K\u00f5vad k\u00fc\u00fcned ja kallus \u00fcmber k\u00fc\u00fcnevalli pehmenevad ja k\u00fc\u00fcned hakkavad kasvama v\u00e4lja, mis teeb k\u00fc\u00fcnehoolduse meeldivaks.Kuivad ja kahjustatud k\u00fc\u00fcnenahad saavad tagasi elastsuse ja neid on kerge tagasi l\u00fckata peale k\u00fc\u00fcnepehmendaja kasutamist.<\/p>","protected":false},"excerpt":{"rendered":"<p><strong>15ml, 50ml<\/strong><\/p>\n<p>Pehmendav jalahooldus sissekasvanud k\u00fc\u00fcntele ja k\u00f5vaks muutunud nahale<\/p>","protected":false},"featured_media":413,"template":"","meta":[],"product_brand":[],"product_cat":[16],"product_tag":[],"class_list":{"0":"post-341","1":"product","2":"type-product","3":"status-publish","4":"has-post-thumbnail","6":"product_cat-misc","8":"first","9":"outofstock","10":"taxable","11":"shipping-taxable","12":"product-type-variable"},"_links":{"self":[{"href":"https:\/\/podo24.shop\/fi\/wp-json\/wp\/v2\/product\/341","targetHints":{"allow":["GET"]}}],"collection":[{"href":"https:\/\/podo24.shop\/fi\/wp-json\/wp\/v2\/product"}],"about":[{"href":"https:\/\/podo24.shop\/fi\/wp-json\/wp\/v2\/types\/product"}],"wp:featuredmedia":[{"embeddable":true,"href":"https:\/\/podo24.shop\/fi\/wp-json\/wp\/v2\/media\/413"}],"wp:attachment":[{"href":"https:\/\/podo24.shop\/fi\/wp-json\/wp\/v2\/media?parent=341"}],"wp:term":[{"taxonomy":"product_brand","embeddable":true,"href":"https:\/\/podo24.shop\/fi\/wp-json\/wp\/v2\/product_brand?post=341"},{"taxonomy":"product_cat","embeddable":true,"href":"https:\/\/podo24.shop\/fi\/wp-json\/wp\/v2\/product_cat?post=341"},{"taxonomy":"product_tag","embeddable":true,"href":"https:\/\/podo24.shop\/fi\/wp-json\/wp\/v2\/product_tag?post=341"}],"curies":[{"name":"wp","href":"https:\/\/api.w.org\/{rel}","templated":true}]}}