{"id":334,"date":"2026-01-09T01:32:27","date_gmt":"2026-01-08T22:32:27","guid":{"rendered":"https:\/\/podo24.shop\/?post_type=product&#038;p=334"},"modified":"2026-01-09T01:36:18","modified_gmt":"2026-01-08T22:36:18","slug":"gehwol-rosmariini-vannisool","status":"publish","type":"product","link":"https:\/\/podo24.shop\/fi\/tuote\/gehwol-rosmariini-vannisool\/","title":{"rendered":"Gehwol rosmariini vannisool"},"content":{"rendered":"<p>Ergutav rosmariini vannilisand. Puhastab, v\u00e4rskendab ja elustab nahka.<\/p>\n<p>Vann GEHWOLi vannisoolaga puhastab pehmelt ja p\u00f5hjalikult, ergutab vereringet, elustab ja tugevdab nahka. Rahustavad ained imenduvad s\u00fcgavale pooridesse ning hoiavad \u00e4ra liigse higistamise ja jalgade l\u00f5hna. Sobib jala- ja t\u00e4isvannidele. Regulaarne kasutamine kaitseb nakkuste eest. Vannis eraldub peen, mahe rosmariinil\u00f5hn ja vesi muutub siidiselt pehmeks. Pintsliga veealune massaa\u017e tugevdab heaolutunnet.<\/p>","protected":false},"excerpt":{"rendered":"<p><strong>10 x 25g<\/strong><\/p>\n<p>Ergutav rosmariini vannilisand. Puhastab, v\u00e4rskendab ja elustab nahka.<\/p>","protected":false},"featured_media":395,"template":"","meta":[],"product_brand":[],"product_cat":[16],"product_tag":[],"class_list":{"0":"post-334","1":"product","2":"type-product","3":"status-publish","4":"has-post-thumbnail","6":"product_cat-misc","8":"first","9":"instock","10":"taxable","11":"shipping-taxable","12":"purchasable","13":"product-type-simple"},"_links":{"self":[{"href":"https:\/\/podo24.shop\/fi\/wp-json\/wp\/v2\/product\/334","targetHints":{"allow":["GET"]}}],"collection":[{"href":"https:\/\/podo24.shop\/fi\/wp-json\/wp\/v2\/product"}],"about":[{"href":"https:\/\/podo24.shop\/fi\/wp-json\/wp\/v2\/types\/product"}],"wp:featuredmedia":[{"embeddable":true,"href":"https:\/\/podo24.shop\/fi\/wp-json\/wp\/v2\/media\/395"}],"wp:attachment":[{"href":"https:\/\/podo24.shop\/fi\/wp-json\/wp\/v2\/media?parent=334"}],"wp:term":[{"taxonomy":"product_brand","embeddable":true,"href":"https:\/\/podo24.shop\/fi\/wp-json\/wp\/v2\/product_brand?post=334"},{"taxonomy":"product_cat","embeddable":true,"href":"https:\/\/podo24.shop\/fi\/wp-json\/wp\/v2\/product_cat?post=334"},{"taxonomy":"product_tag","embeddable":true,"href":"https:\/\/podo24.shop\/fi\/wp-json\/wp\/v2\/product_tag?post=334"}],"curies":[{"name":"wp","href":"https:\/\/api.w.org\/{rel}","templated":true}]}}