{"id":327,"date":"2026-01-09T01:32:27","date_gmt":"2026-01-08T22:32:27","guid":{"rendered":"https:\/\/podo24.shop\/?post_type=product&#038;p=327"},"modified":"2026-01-09T01:34:10","modified_gmt":"2026-01-08T22:34:10","slug":"gehwol-uhend-nagelmass","status":"publish","type":"product","link":"https:\/\/podo24.shop\/fi\/tuote\/gehwol-uhend-nagelmass\/","title":{"rendered":"GEHWOL \u00dchend nagelmass"},"content":{"rendered":"<p>V\u00e4limuse parandamiseks kaitske ja parandage s\u00f5rmede ja varvaste k\u00fc\u00fcsi.<\/p>\n<p>GEHWOL Nail Compound on m\u00f5eldud ebatasaste k\u00fc\u00fcnepindade silumiseks, katkiste k\u00fc\u00fcnte tugevdamiseks, kunstk\u00fc\u00fcnte fikseerimiseks ja on\u00fchhom\u00fckoosi raviks. GEHWOL Nail Compound on tugevalt kleepuv, vastupidavalt elastne ning annab k\u00fc\u00fcntele kauni ja loomuliku v\u00e4limuse. T\u00e4iendavalt v\u00f5ib kasutada k\u00fc\u00fcnelakki. Nahale ja k\u00fc\u00fcntele kandmiseks.<\/p>","protected":false},"excerpt":{"rendered":"<p><strong>15ml<\/strong><\/p>\n<p>V\u00e4limuse parandamiseks kaitske ja parandage s\u00f5rmede ja varvaste k\u00fc\u00fcsi.<\/p>","protected":false},"featured_media":373,"template":"","meta":[],"product_brand":[],"product_cat":[16],"product_tag":[],"class_list":{"0":"post-327","1":"product","2":"type-product","3":"status-publish","4":"has-post-thumbnail","6":"product_cat-misc","8":"first","9":"instock","10":"taxable","11":"shipping-taxable","12":"purchasable","13":"product-type-simple"},"_links":{"self":[{"href":"https:\/\/podo24.shop\/fi\/wp-json\/wp\/v2\/product\/327","targetHints":{"allow":["GET"]}}],"collection":[{"href":"https:\/\/podo24.shop\/fi\/wp-json\/wp\/v2\/product"}],"about":[{"href":"https:\/\/podo24.shop\/fi\/wp-json\/wp\/v2\/types\/product"}],"wp:featuredmedia":[{"embeddable":true,"href":"https:\/\/podo24.shop\/fi\/wp-json\/wp\/v2\/media\/373"}],"wp:attachment":[{"href":"https:\/\/podo24.shop\/fi\/wp-json\/wp\/v2\/media?parent=327"}],"wp:term":[{"taxonomy":"product_brand","embeddable":true,"href":"https:\/\/podo24.shop\/fi\/wp-json\/wp\/v2\/product_brand?post=327"},{"taxonomy":"product_cat","embeddable":true,"href":"https:\/\/podo24.shop\/fi\/wp-json\/wp\/v2\/product_cat?post=327"},{"taxonomy":"product_tag","embeddable":true,"href":"https:\/\/podo24.shop\/fi\/wp-json\/wp\/v2\/product_tag?post=327"}],"curies":[{"name":"wp","href":"https:\/\/api.w.org\/{rel}","templated":true}]}}