{"id":321,"date":"2026-01-09T01:32:27","date_gmt":"2026-01-08T22:32:27","guid":{"rendered":"https:\/\/podo24.shop\/?post_type=product&#038;p=321"},"modified":"2026-01-09T01:33:29","modified_gmt":"2026-01-08T22:33:29","slug":"gehwol-vedelik","status":"publish","type":"product","link":"https:\/\/podo24.shop\/fi\/tuote\/gehwol-vedelik\/","title":{"rendered":"Gehwol vedelik"},"content":{"rendered":"<p>Sissekasvanud varbak\u00fc\u00fcnte, k\u00f5va naha ja konnasilmade raviks.<\/p>\n<p>GEHWOL Fluid hoolitseb teie naha ja k\u00fc\u00fcnte eest ning kaunistab neid. See muudab k\u00f5va naha siledaks. GEHWOL Fluid on asendamatu abivahend sissekasvanud varbak\u00fc\u00fcnte, kalluse, konnasilmade ja k\u00fc\u00fcnevoldi korral. T\u00e4nu oma desinfitseerivatele omadustele hoiab GEHWOL Fluid p\u00f5letikku ja rahustab \u00e4rritunud nahka.<\/p>","protected":false},"excerpt":{"rendered":"<p><strong>15ml, 50ml<\/strong><\/p>\n<p>Sissekasvanud varbak\u00fc\u00fcnte, k\u00f5va naha ja konnasilmade raviks.<\/p>","protected":false},"featured_media":361,"template":"","meta":[],"product_brand":[],"product_cat":[16],"product_tag":[],"class_list":{"0":"post-321","1":"product","2":"type-product","3":"status-publish","4":"has-post-thumbnail","6":"product_cat-misc","8":"first","9":"outofstock","10":"taxable","11":"shipping-taxable","12":"product-type-variable"},"_links":{"self":[{"href":"https:\/\/podo24.shop\/fi\/wp-json\/wp\/v2\/product\/321","targetHints":{"allow":["GET"]}}],"collection":[{"href":"https:\/\/podo24.shop\/fi\/wp-json\/wp\/v2\/product"}],"about":[{"href":"https:\/\/podo24.shop\/fi\/wp-json\/wp\/v2\/types\/product"}],"wp:featuredmedia":[{"embeddable":true,"href":"https:\/\/podo24.shop\/fi\/wp-json\/wp\/v2\/media\/361"}],"wp:attachment":[{"href":"https:\/\/podo24.shop\/fi\/wp-json\/wp\/v2\/media?parent=321"}],"wp:term":[{"taxonomy":"product_brand","embeddable":true,"href":"https:\/\/podo24.shop\/fi\/wp-json\/wp\/v2\/product_brand?post=321"},{"taxonomy":"product_cat","embeddable":true,"href":"https:\/\/podo24.shop\/fi\/wp-json\/wp\/v2\/product_cat?post=321"},{"taxonomy":"product_tag","embeddable":true,"href":"https:\/\/podo24.shop\/fi\/wp-json\/wp\/v2\/product_tag?post=321"}],"curies":[{"name":"wp","href":"https:\/\/api.w.org\/{rel}","templated":true}]}}