{"id":706,"date":"2026-01-09T01:48:31","date_gmt":"2026-01-08T22:48:31","guid":{"rendered":"https:\/\/podo24.shop\/?post_type=product&#038;p=706"},"modified":"2026-01-14T18:28:18","modified_gmt":"2026-01-14T15:28:18","slug":"gerlasan-handcreme-wildrose-limited-edition-50-ml","status":"publish","type":"product","link":"https:\/\/podo24.shop\/et\/toode\/gerlasan-handcreme-wildrose-limited-edition-50-ml\/","title":{"rendered":"GERLASAN Handcreme Wildrose Limited Edition 50 ml"},"content":{"rendered":"<p>K\u00e4tekreem GERLASAN \u201eMetsik roos\u201d taastab kuiva ja kareda naha ning tugevdab naha kaitsebarj\u00e4\u00e4ri. Toitev koostis v\u00e4\u00e4rtusliku jojoba\u00f5li ja tapiokiga muudab naha m\u00e4rgatavalt pehmemaks ja elastsemaks. Kiiresti imenduv uureat sisaldav koostis tagab nahale vajaliku niisutuse.<\/p>\n<p><strong data-start=\"67\" data-end=\"79\">M\u00e4rkused<\/strong><br data-start=\"79\" data-end=\"82\" \/>\u2022 Dermatoloogiliselt testitud<br data-start=\"111\" data-end=\"114\" \/>\u2022 Sobib ka diabeetikutele<br data-start=\"139\" data-end=\"142\" data-is-only-node=\"\" \/>\u2022 Ilma alumiiniumita<br data-start=\"162\" data-end=\"165\" \/>\u2022 Ilma nanotasakesteta<\/p>","protected":false},"excerpt":{"rendered":"<p>Puhas hoolitsus metsiku roosi v\u00e4ega.<br \/>\n<strong>50ml<\/strong><\/p>","protected":false},"featured_media":714,"template":"","meta":[],"product_brand":[],"product_cat":[22,24,21],"product_tag":[],"class_list":{"0":"post-706","1":"product","2":"type-product","3":"status-publish","4":"has-post-thumbnail","6":"product_cat-gehwol","7":"product_cat-limited-edition","8":"product_cat-21","10":"first","11":"instock","12":"taxable","13":"shipping-taxable","14":"purchasable","15":"product-type-simple"},"_links":{"self":[{"href":"https:\/\/podo24.shop\/et\/wp-json\/wp\/v2\/product\/706","targetHints":{"allow":["GET"]}}],"collection":[{"href":"https:\/\/podo24.shop\/et\/wp-json\/wp\/v2\/product"}],"about":[{"href":"https:\/\/podo24.shop\/et\/wp-json\/wp\/v2\/types\/product"}],"wp:featuredmedia":[{"embeddable":true,"href":"https:\/\/podo24.shop\/et\/wp-json\/wp\/v2\/media\/714"}],"wp:attachment":[{"href":"https:\/\/podo24.shop\/et\/wp-json\/wp\/v2\/media?parent=706"}],"wp:term":[{"taxonomy":"product_brand","embeddable":true,"href":"https:\/\/podo24.shop\/et\/wp-json\/wp\/v2\/product_brand?post=706"},{"taxonomy":"product_cat","embeddable":true,"href":"https:\/\/podo24.shop\/et\/wp-json\/wp\/v2\/product_cat?post=706"},{"taxonomy":"product_tag","embeddable":true,"href":"https:\/\/podo24.shop\/et\/wp-json\/wp\/v2\/product_tag?post=706"}],"curies":[{"name":"wp","href":"https:\/\/api.w.org\/{rel}","templated":true}]}}