{"id":508,"date":"2026-01-09T01:44:40","date_gmt":"2026-01-08T22:44:40","guid":{"rendered":"https:\/\/podo24.shop\/?post_type=product&#038;p=508"},"modified":"2026-01-09T01:46:45","modified_gmt":"2026-01-08T22:46:45","slug":"gehwol-kontsapadi-g-geelilainetega","status":"publish","type":"product","link":"https:\/\/podo24.shop\/et\/toode\/gehwol-kontsapadi-g-geelilainetega\/","title":{"rendered":"Gehwol Kontsapadi G geelilainetega"},"content":{"rendered":"<p>Nahas\u00f5bralik, pehme, v\u00e4ga elastne pol\u00fcmeerne geelpadi.<\/p>\n<p>V\u00e4ga elastne ja eriti pehme p\u00f5rutusi neelav kannapadi meeldivaks surveleevenduseks kannakanniga. Uued geellained tagavad r\u00f5hu leevendamise t\u00e4pselt jala kahjustatud piirkondades ning v\u00e4ldivad \u00e4\u00e4rmist pinget k\u00f5ndimisel ja seismisel. Geellained annavad tulemuseks \u00f5rna, voolava \u00fclemineku k\u00f5vemalt materjalilt pehmemale kannapadja materjalile. Kannapadjad leevendavad koormust p\u00f5lvedele, puusa- ja puusaliigestele ning l\u00fclisambale.<\/p>","protected":false},"excerpt":{"rendered":"<p><strong>1 paar<\/strong><\/p>\n<p>Nahas\u00f5bralik, pehme, v\u00e4ga elastne pol\u00fcmeerne geelpadi.<\/p>","protected":false},"featured_media":567,"template":"","meta":[],"product_brand":[],"product_cat":[16],"product_tag":[],"class_list":{"0":"post-508","1":"product","2":"type-product","3":"status-publish","4":"has-post-thumbnail","6":"product_cat-misc","8":"first","9":"outofstock","10":"taxable","11":"shipping-taxable","12":"product-type-variable"},"_links":{"self":[{"href":"https:\/\/podo24.shop\/et\/wp-json\/wp\/v2\/product\/508","targetHints":{"allow":["GET"]}}],"collection":[{"href":"https:\/\/podo24.shop\/et\/wp-json\/wp\/v2\/product"}],"about":[{"href":"https:\/\/podo24.shop\/et\/wp-json\/wp\/v2\/types\/product"}],"wp:featuredmedia":[{"embeddable":true,"href":"https:\/\/podo24.shop\/et\/wp-json\/wp\/v2\/media\/567"}],"wp:attachment":[{"href":"https:\/\/podo24.shop\/et\/wp-json\/wp\/v2\/media?parent=508"}],"wp:term":[{"taxonomy":"product_brand","embeddable":true,"href":"https:\/\/podo24.shop\/et\/wp-json\/wp\/v2\/product_brand?post=508"},{"taxonomy":"product_cat","embeddable":true,"href":"https:\/\/podo24.shop\/et\/wp-json\/wp\/v2\/product_cat?post=508"},{"taxonomy":"product_tag","embeddable":true,"href":"https:\/\/podo24.shop\/et\/wp-json\/wp\/v2\/product_tag?post=508"}],"curies":[{"name":"wp","href":"https:\/\/api.w.org\/{rel}","templated":true}]}}